{"id":721,"date":"2021-04-22T15:00:33","date_gmt":"2021-04-22T18:00:33","guid":{"rendered":"https:\/\/hmsf.com.br\/new\/?page_id=721"},"modified":"2021-05-06T14:22:26","modified_gmt":"2021-05-06T17:22:26","slug":"plantao-2020","status":"publish","type":"page","link":"https:\/\/hmsf.com.br\/new\/contratualizacao-sus\/contrato-no-049-2019\/plantao-presencial-e-plantao-sobreaviso\/plantao-2020\/","title":{"rendered":"Plant\u00e3o &#8211; 2020"},"content":{"rendered":"\t\t<div data-elementor-type=\"wp-page\" data-elementor-id=\"721\" class=\"elementor elementor-721\">\n\t\t\t\t\t\t\t\t\t<section class=\"elementor-section elementor-top-section elementor-element elementor-element-de1e17d elementor-section-boxed elementor-section-height-default elementor-section-height-default\" data-id=\"de1e17d\" data-element_type=\"section\">\n\t\t\t\t\t\t<div class=\"elementor-container elementor-column-gap-default\">\n\t\t\t\t\t<div class=\"elementor-column elementor-col-100 elementor-top-column elementor-element elementor-element-edae889\" data-id=\"edae889\" data-element_type=\"column\">\n\t\t\t<div class=\"elementor-widget-wrap elementor-element-populated\">\n\t\t\t\t\t\t\t\t<div class=\"elementor-element elementor-element-626e0ea elementor-widget elementor-widget-text-editor\" data-id=\"626e0ea\" data-element_type=\"widget\" data-widget_type=\"text-editor.default\">\n\t\t\t\t<div class=\"elementor-widget-container\">\n\t\t\t<style>\/*! elementor - v3.13.3 - 28-05-2023 *\/\n.elementor-widget-text-editor.elementor-drop-cap-view-stacked .elementor-drop-cap{background-color:#69727d;color:#fff}.elementor-widget-text-editor.elementor-drop-cap-view-framed .elementor-drop-cap{color:#69727d;border:3px solid;background-color:transparent}.elementor-widget-text-editor:not(.elementor-drop-cap-view-default) .elementor-drop-cap{margin-top:8px}.elementor-widget-text-editor:not(.elementor-drop-cap-view-default) .elementor-drop-cap-letter{width:1em;height:1em}.elementor-widget-text-editor .elementor-drop-cap{float:left;text-align:center;line-height:1;font-size:50px}.elementor-widget-text-editor .elementor-drop-cap-letter{display:inline-block}<\/style>\t\t\t\t<p><a href=\"https:\/\/hmsf.com.br\/new\/wp-content\/uploads\/2021\/05\/01-Plantao-Presencial-e-Plantao-Sobreaviso-Comp.-Jan-2020.pdf\" target=\"_blank\" rel=\"noopener\">Plant\u00e3o Presencial e Plant\u00e3o Sobreaviso &#8211; Comp. Jan-2020<\/a><\/p><p><a href=\"https:\/\/hmsf.com.br\/new\/wp-content\/uploads\/2021\/05\/02-Plantao-Presencial-e-Plantao-Sobreaviso-Comp.-Fev-2020.pdf\" target=\"_blank\" rel=\"noopener\">Plant\u00e3o Presencial e Plant\u00e3o Sobreaviso &#8211; Comp. Fev-2020<\/a><\/p><p><a href=\"https:\/\/hmsf.com.br\/new\/wp-content\/uploads\/2021\/05\/03-Plantao-Presencial-e-Plantao-Sobreaviso-Comp.-Mar-2020.pdf\" target=\"_blank\" rel=\"noopener\">Plant\u00e3o Presencial e Plant\u00e3o Sobreaviso &#8211; Comp. Mar-2020<\/a><\/p><p><a href=\"https:\/\/hmsf.com.br\/new\/wp-content\/uploads\/2021\/05\/04-Plantao-Presencial-e-Plantao-Sobreaviso-Comp.-Abr-2020.pdf\" target=\"_blank\" rel=\"noopener\">Plant\u00e3o Presencial e Plant\u00e3o Sobreaviso &#8211; Comp. Abr-2020<\/a><\/p><p><a href=\"https:\/\/hmsf.com.br\/new\/wp-content\/uploads\/2021\/05\/05-Plantao-Presencial-e-Plantao-Sobreaviso-Comp.-Mai-2020.pdf\" target=\"_blank\" rel=\"noopener\">Plant\u00e3o Presencial e Plant\u00e3o Sobreaviso &#8211; Comp. Mai-2020<\/a><\/p><p><a href=\"https:\/\/hmsf.com.br\/new\/wp-content\/uploads\/2021\/05\/06-Plantao-Presencial-e-Plantao-Sobreaviso-Comp.-Jun-2020.pdf\" target=\"_blank\" rel=\"noopener\">Plant\u00e3o Presencial e Plant\u00e3o Sobreaviso &#8211; Comp. Jun-2020<\/a><\/p><p><a href=\"https:\/\/hmsf.com.br\/new\/wp-content\/uploads\/2021\/05\/07-Plantao-Presencial-e-Plantao-Sobreaviso-Comp.-Jul-2020.pdf\" target=\"_blank\" rel=\"noopener\">Plant\u00e3o Presencial e Plant\u00e3o Sobreaviso &#8211; Comp. Jul-2020<\/a><\/p><p><a href=\"https:\/\/hmsf.com.br\/new\/wp-content\/uploads\/2021\/05\/08-Plantao-Presencial-e-Plantao-Sobreaviso-Comp.-Ago-2020.pdf\" target=\"_blank\" rel=\"noopener\">Plant\u00e3o Presencial e Plant\u00e3o Sobreaviso &#8211; Comp. Ago-2020<\/a><\/p><p><a href=\"https:\/\/hmsf.com.br\/new\/wp-content\/uploads\/2021\/05\/09-Plantao-Presencial-e-Plantao-Sobreaviso-Comp.-Set-2020.pdf\" target=\"_blank\" rel=\"noopener\">Plant\u00e3o Presencial e Plant\u00e3o Sobreaviso &#8211; Comp. Set-2020<\/a><\/p><p><a href=\"https:\/\/hmsf.com.br\/new\/wp-content\/uploads\/2021\/05\/10-Plantao-Presencial-e-Plantao-Sobreaviso-Comp.-Out-2020.pdf\" target=\"_blank\" rel=\"noopener\">Plant\u00e3o Presencial e Plant\u00e3o Sobreaviso &#8211; Comp. Out-2020<\/a><\/p><p><a href=\"https:\/\/hmsf.com.br\/new\/wp-content\/uploads\/2021\/05\/11-Plantao-Presencial-e-Plantao-Sobreaviso-Comp.-Nov-2020.pdf\" target=\"_blank\" rel=\"noopener\">Plant\u00e3o Presencial e Plant\u00e3o Sobreaviso &#8211; Comp. Nov-2020<\/a><\/p><p><a href=\"https:\/\/hmsf.com.br\/new\/wp-content\/uploads\/2021\/05\/12-Plantao-Presencial-e-Plantao-Sobreaviso-Comp.-Dez-2020.pdf\" target=\"_blank\" rel=\"noopener\">Plant\u00e3o Presencial e Plant\u00e3o Sobreaviso &#8211; Comp. Dez-2020<\/a><\/p>\t\t\t\t\t\t<\/div>\n\t\t\t\t<\/div>\n\t\t\t\t\t<\/div>\n\t\t<\/div>\n\t\t\t\t\t\t\t<\/div>\n\t\t<\/section>\n\t\t\t\t\t\t\t<\/div>\n\t\t","protected":false},"excerpt":{"rendered":"<p>Plant\u00e3o Presencial e Plant\u00e3o Sobreaviso &#8211; Comp. Jan-2020 Plant\u00e3o Presencial e Plant\u00e3o Sobreaviso &#8211; Comp. Fev-2020 Plant\u00e3o Presencial e Plant\u00e3o Sobreaviso &#8211; Comp. Mar-2020 Plant\u00e3o Presencial e Plant\u00e3o Sobreaviso &#8211; Comp. Abr-2020 Plant\u00e3o Presencial e Plant\u00e3o Sobreaviso &#8211; Comp. Mai-2020 Plant\u00e3o Presencial e Plant\u00e3o Sobreaviso &#8211; Comp. Jun-2020 Plant\u00e3o Presencial e Plant\u00e3o Sobreaviso &#8211; Comp. &hellip;<\/p>\n<p class=\"read-more\"> <a class=\"\" href=\"https:\/\/hmsf.com.br\/new\/contratualizacao-sus\/contrato-no-049-2019\/plantao-presencial-e-plantao-sobreaviso\/plantao-2020\/\"> <span class=\"screen-reader-text\">Plant\u00e3o &#8211; 2020<\/span> Leia mais &raquo;<\/a><\/p>\n","protected":false},"author":3,"featured_media":0,"parent":708,"menu_order":0,"comment_status":"closed","ping_status":"closed","template":"","meta":[],"_links":{"self":[{"href":"https:\/\/hmsf.com.br\/new\/wp-json\/wp\/v2\/pages\/721"}],"collection":[{"href":"https:\/\/hmsf.com.br\/new\/wp-json\/wp\/v2\/pages"}],"about":[{"href":"https:\/\/hmsf.com.br\/new\/wp-json\/wp\/v2\/types\/page"}],"author":[{"embeddable":true,"href":"https:\/\/hmsf.com.br\/new\/wp-json\/wp\/v2\/users\/3"}],"replies":[{"embeddable":true,"href":"https:\/\/hmsf.com.br\/new\/wp-json\/wp\/v2\/comments?post=721"}],"version-history":[{"count":7,"href":"https:\/\/hmsf.com.br\/new\/wp-json\/wp\/v2\/pages\/721\/revisions"}],"predecessor-version":[{"id":1634,"href":"https:\/\/hmsf.com.br\/new\/wp-json\/wp\/v2\/pages\/721\/revisions\/1634"}],"up":[{"embeddable":true,"href":"https:\/\/hmsf.com.br\/new\/wp-json\/wp\/v2\/pages\/708"}],"wp:attachment":[{"href":"https:\/\/hmsf.com.br\/new\/wp-json\/wp\/v2\/media?parent=721"}],"curies":[{"name":"wp","href":"https:\/\/api.w.org\/{rel}","templated":true}]}}