{"id":577,"date":"2021-04-22T13:12:16","date_gmt":"2021-04-22T16:12:16","guid":{"rendered":"https:\/\/hmsf.com.br\/new\/?page_id=577"},"modified":"2024-05-09T11:50:49","modified_gmt":"2024-05-09T14:50:49","slug":"contrato-no-049-2019","status":"publish","type":"page","link":"https:\/\/hmsf.com.br\/new\/contratualizacao-sus\/contrato-no-049-2019\/","title":{"rendered":"Contrato N\u00ba 049-2019"},"content":{"rendered":"\t\t<div data-elementor-type=\"wp-page\" data-elementor-id=\"577\" class=\"elementor elementor-577\">\n\t\t\t\t\t\t\t\t\t<section class=\"elementor-section elementor-top-section elementor-element elementor-element-d0cfb47 elementor-section-boxed elementor-section-height-default elementor-section-height-default\" data-id=\"d0cfb47\" data-element_type=\"section\">\n\t\t\t\t\t\t<div class=\"elementor-container elementor-column-gap-default\">\n\t\t\t\t\t<div class=\"elementor-column elementor-col-100 elementor-top-column elementor-element elementor-element-e2b8a35\" data-id=\"e2b8a35\" data-element_type=\"column\">\n\t\t\t<div class=\"elementor-widget-wrap elementor-element-populated\">\n\t\t\t\t\t\t\t\t<div class=\"elementor-element elementor-element-f7a2db8 elementor-widget elementor-widget-text-editor\" data-id=\"f7a2db8\" data-element_type=\"widget\" data-widget_type=\"text-editor.default\">\n\t\t\t\t<div class=\"elementor-widget-container\">\n\t\t\t<style>\/*! elementor - v3.13.3 - 28-05-2023 *\/\n.elementor-widget-text-editor.elementor-drop-cap-view-stacked .elementor-drop-cap{background-color:#69727d;color:#fff}.elementor-widget-text-editor.elementor-drop-cap-view-framed .elementor-drop-cap{color:#69727d;border:3px solid;background-color:transparent}.elementor-widget-text-editor:not(.elementor-drop-cap-view-default) .elementor-drop-cap{margin-top:8px}.elementor-widget-text-editor:not(.elementor-drop-cap-view-default) .elementor-drop-cap-letter{width:1em;height:1em}.elementor-widget-text-editor .elementor-drop-cap{float:left;text-align:center;line-height:1;font-size:50px}.elementor-widget-text-editor .elementor-drop-cap-letter{display:inline-block}<\/style>\t\t\t\t<p><a href=\"https:\/\/hmsf.com.br\/new\/contratualizacao-sus\/contrato-no-049-2019\/complemento-de-plantoes-de-final-de-ano-2019\/\">Complemento de Plant\u00f5es de Final de Ano<\/a><\/p><p><a href=\"https:\/\/hmsf.com.br\/new\/contratualizacao-sus\/contrato-no-049-2019\/incentivos-federais-e-estaduais\/\">Incentivos Federais e Estaduais<\/a><\/p><p><a href=\"https:\/\/hmsf.com.br\/new\/contratualizacao-sus\/contrato-no-049-2019\/plantao-presencial-e-plantao-sobreaviso\/\">Plant\u00e3o Presencial e Plant\u00e3o Sobreaviso<\/a><\/p><p><a href=\"https:\/\/hmsf.com.br\/new\/custeios-fundo-municipal-de-saude\/\" rel=\"noopener\">Custeios Fundo Municipal de Sa\u00fade<\/a><\/p><p><a href=\"https:\/\/hmsf.com.br\/new\/contratualizacao-sus\/contrato-no-049-2019\/recurso-financeiro-municipal-uti\/\">Recurso Financeiro Municipal UTI<\/a><\/p><p><a href=\"https:\/\/hmsf.com.br\/new\/contratualizacao-sus\/contrato-no-049-2019\/sobreaviso-oncologia\/\">Sobreaviso Oncologia<\/a><\/p>\t\t\t\t\t\t<\/div>\n\t\t\t\t<\/div>\n\t\t\t\t\t<\/div>\n\t\t<\/div>\n\t\t\t\t\t\t\t<\/div>\n\t\t<\/section>\n\t\t\t\t\t\t\t<\/div>\n\t\t","protected":false},"excerpt":{"rendered":"<p>Complemento de Plant\u00f5es de Final de Ano Incentivos Federais e Estaduais Plant\u00e3o Presencial e Plant\u00e3o Sobreaviso Custeios Fundo Municipal de Sa\u00fade Recurso Financeiro Municipal UTI Sobreaviso Oncologia<\/p>\n","protected":false},"author":3,"featured_media":0,"parent":15,"menu_order":0,"comment_status":"closed","ping_status":"closed","template":"","meta":[],"_links":{"self":[{"href":"https:\/\/hmsf.com.br\/new\/wp-json\/wp\/v2\/pages\/577"}],"collection":[{"href":"https:\/\/hmsf.com.br\/new\/wp-json\/wp\/v2\/pages"}],"about":[{"href":"https:\/\/hmsf.com.br\/new\/wp-json\/wp\/v2\/types\/page"}],"author":[{"embeddable":true,"href":"https:\/\/hmsf.com.br\/new\/wp-json\/wp\/v2\/users\/3"}],"replies":[{"embeddable":true,"href":"https:\/\/hmsf.com.br\/new\/wp-json\/wp\/v2\/comments?post=577"}],"version-history":[{"count":54,"href":"https:\/\/hmsf.com.br\/new\/wp-json\/wp\/v2\/pages\/577\/revisions"}],"predecessor-version":[{"id":4183,"href":"https:\/\/hmsf.com.br\/new\/wp-json\/wp\/v2\/pages\/577\/revisions\/4183"}],"up":[{"embeddable":true,"href":"https:\/\/hmsf.com.br\/new\/wp-json\/wp\/v2\/pages\/15"}],"wp:attachment":[{"href":"https:\/\/hmsf.com.br\/new\/wp-json\/wp\/v2\/media?parent=577"}],"curies":[{"name":"wp","href":"https:\/\/api.w.org\/{rel}","templated":true}]}}