{"id":510,"date":"2021-04-22T11:48:10","date_gmt":"2021-04-22T14:48:10","guid":{"rendered":"https:\/\/hmsf.com.br\/new\/?page_id=510"},"modified":"2022-10-18T08:44:31","modified_gmt":"2022-10-18T11:44:31","slug":"doacoes-2021","status":"publish","type":"page","link":"https:\/\/hmsf.com.br\/new\/doacoes\/doacoes-2021\/","title":{"rendered":"Doa\u00e7\u00f5es 2021"},"content":{"rendered":"<p><a href=\"https:\/\/hmsf.com.br\/new\/wp-content\/uploads\/2021\/04\/DOACOES-HMSF-\u2013-COMPETENCIA-JANEIRO-2021.pdf\" target=\"_blank\" rel=\"noopener\">DOA\u00c7\u00d5ES HMSF \u2013 COMPET\u00caNCIA JANEIRO 2021<\/a><\/p>\n<p><a href=\"https:\/\/hmsf.com.br\/new\/wp-content\/uploads\/2021\/05\/02-Doacoes-HMSF-\u2013-Competencia-Fevereiro-2021.pdf\" target=\"_blank\" rel=\"noopener\">DOA\u00c7\u00d5ES HMSF \u2013 COMPET\u00caNCIA FEVEREIRO 2021<\/a><\/p>\n<p><a href=\"https:\/\/hmsf.com.br\/new\/wp-content\/uploads\/2021\/05\/03-Doacoes-HMSF-\u2013-Competencia-Marco-2021.pdf\" target=\"_blank\" rel=\"noopener\">DOA\u00c7\u00d5ES HMSF \u2013 COMPET\u00caNCIA MAR\u00c7O 2021<\/a><\/p>\n<p><a href=\"https:\/\/hmsf.com.br\/new\/wp-content\/uploads\/2021\/05\/04-Doacoes-HMSF-\u2013-Competencia-Abril-2021.pdf\" target=\"_blank\" rel=\"noopener\">DOA\u00c7\u00d5ES HMSF \u2013 COMPET\u00caNCIA ABRIL 2021<\/a><\/p>\n<p><a href=\"https:\/\/hmsf.com.br\/new\/wp-content\/uploads\/2021\/12\/08-Doacoes-HMSF-\u2013-Competencia-Agosto-2021.pdf\" target=\"_blank\" rel=\"noopener\">DOA\u00c7\u00d5ES HMSF \u2013 COMPET\u00caNCIA AGOSTO 2021<\/a><\/p>\n<p><a href=\"https:\/\/hmsf.com.br\/new\/wp-content\/uploads\/2021\/12\/09-Doacoes-HMSF-\u2013-Competencia-Setembro-2021.pdf\" target=\"_blank\" rel=\"noopener\">DOA\u00c7\u00d5ES HMSF \u2013 COMPET\u00caNCIA SETEMBRO 2021<\/a><\/p>\n<p><a href=\"https:\/\/hmsf.com.br\/new\/wp-content\/uploads\/2021\/12\/10-Doacoes-HMSF-\u2013-Competencia-Outubro-2021.pdf\" target=\"_blank\" rel=\"noopener\">DOA\u00c7\u00d5ES HMSF \u2013 COMPET\u00caNCIA OUTUBRO 2021<\/a><\/p>\n<p><a href=\"https:\/\/hmsf.com.br\/new\/wp-content\/uploads\/2021\/12\/11-Doacoes-HMSF-\u2013-Competencia-Novembro-2021.pdf\" target=\"_blank\" rel=\"noopener\">DOA\u00c7\u00d5ES HMSF \u2013 COMPET\u00caNCIA NOVEMBRO 2021<\/a><\/p>\n<p><a href=\"https:\/\/hmsf.com.br\/new\/wp-content\/uploads\/2022\/10\/12-DOACOES-HMSF-\u2013-COMPETENCIA-DEZEMBRO-2021.pdf\" target=\"_blank\" rel=\"noopener\">DOA\u00c7\u00d5ES HMSF \u2013 COMPET\u00caNCIA DEZEMBRO 2021<\/a><\/p>\n","protected":false},"excerpt":{"rendered":"<p>DOA\u00c7\u00d5ES HMSF \u2013 COMPET\u00caNCIA JANEIRO 2021 DOA\u00c7\u00d5ES HMSF \u2013 COMPET\u00caNCIA FEVEREIRO 2021 DOA\u00c7\u00d5ES HMSF \u2013 COMPET\u00caNCIA MAR\u00c7O 2021 DOA\u00c7\u00d5ES HMSF \u2013 COMPET\u00caNCIA ABRIL 2021 DOA\u00c7\u00d5ES HMSF \u2013 COMPET\u00caNCIA AGOSTO 2021 DOA\u00c7\u00d5ES HMSF \u2013 COMPET\u00caNCIA SETEMBRO 2021 DOA\u00c7\u00d5ES HMSF \u2013 COMPET\u00caNCIA OUTUBRO 2021 DOA\u00c7\u00d5ES HMSF \u2013 COMPET\u00caNCIA NOVEMBRO 2021 DOA\u00c7\u00d5ES HMSF \u2013 COMPET\u00caNCIA DEZEMBRO 2021<\/p>\n","protected":false},"author":3,"featured_media":0,"parent":13,"menu_order":0,"comment_status":"closed","ping_status":"closed","template":"","meta":[],"_links":{"self":[{"href":"https:\/\/hmsf.com.br\/new\/wp-json\/wp\/v2\/pages\/510"}],"collection":[{"href":"https:\/\/hmsf.com.br\/new\/wp-json\/wp\/v2\/pages"}],"about":[{"href":"https:\/\/hmsf.com.br\/new\/wp-json\/wp\/v2\/types\/page"}],"author":[{"embeddable":true,"href":"https:\/\/hmsf.com.br\/new\/wp-json\/wp\/v2\/users\/3"}],"replies":[{"embeddable":true,"href":"https:\/\/hmsf.com.br\/new\/wp-json\/wp\/v2\/comments?post=510"}],"version-history":[{"count":47,"href":"https:\/\/hmsf.com.br\/new\/wp-json\/wp\/v2\/pages\/510\/revisions"}],"predecessor-version":[{"id":2922,"href":"https:\/\/hmsf.com.br\/new\/wp-json\/wp\/v2\/pages\/510\/revisions\/2922"}],"up":[{"embeddable":true,"href":"https:\/\/hmsf.com.br\/new\/wp-json\/wp\/v2\/pages\/13"}],"wp:attachment":[{"href":"https:\/\/hmsf.com.br\/new\/wp-json\/wp\/v2\/media?parent=510"}],"curies":[{"name":"wp","href":"https:\/\/api.w.org\/{rel}","templated":true}]}}