{"id":451,"date":"2021-04-22T10:59:19","date_gmt":"2021-04-22T13:59:19","guid":{"rendered":"https:\/\/hmsf.com.br\/new\/?page_id=451"},"modified":"2021-04-29T11:03:00","modified_gmt":"2021-04-29T14:03:00","slug":"doacoes-2020","status":"publish","type":"page","link":"https:\/\/hmsf.com.br\/new\/doacoes\/doacoes-2020\/","title":{"rendered":"Doa\u00e7\u00f5es 2020"},"content":{"rendered":"\t\t<div data-elementor-type=\"wp-page\" data-elementor-id=\"451\" class=\"elementor elementor-451\">\n\t\t\t\t\t\t\t\t\t<section class=\"elementor-section elementor-top-section elementor-element elementor-element-b8ddbd7 elementor-section-boxed elementor-section-height-default elementor-section-height-default\" data-id=\"b8ddbd7\" data-element_type=\"section\">\n\t\t\t\t\t\t<div class=\"elementor-container elementor-column-gap-default\">\n\t\t\t\t\t<div class=\"elementor-column elementor-col-100 elementor-top-column elementor-element elementor-element-5911da3\" data-id=\"5911da3\" data-element_type=\"column\">\n\t\t\t<div class=\"elementor-widget-wrap elementor-element-populated\">\n\t\t\t\t\t\t\t\t<div class=\"elementor-element elementor-element-f31d7a2 elementor-widget elementor-widget-text-editor\" data-id=\"f31d7a2\" data-element_type=\"widget\" data-widget_type=\"text-editor.default\">\n\t\t\t\t<div class=\"elementor-widget-container\">\n\t\t\t<style>\/*! elementor - v3.13.3 - 28-05-2023 *\/\n.elementor-widget-text-editor.elementor-drop-cap-view-stacked .elementor-drop-cap{background-color:#69727d;color:#fff}.elementor-widget-text-editor.elementor-drop-cap-view-framed .elementor-drop-cap{color:#69727d;border:3px solid;background-color:transparent}.elementor-widget-text-editor:not(.elementor-drop-cap-view-default) .elementor-drop-cap{margin-top:8px}.elementor-widget-text-editor:not(.elementor-drop-cap-view-default) .elementor-drop-cap-letter{width:1em;height:1em}.elementor-widget-text-editor .elementor-drop-cap{float:left;text-align:center;line-height:1;font-size:50px}.elementor-widget-text-editor .elementor-drop-cap-letter{display:inline-block}<\/style>\t\t\t\t<p><br><\/p>\n<p><a href=\"https:\/\/hmsf.com.br\/new\/wp-content\/uploads\/2021\/04\/DOACOES-HMSF-COMPETENCIA-MARCO-2020.pdf\" target=\"_blank\">DOA\u00c7\u00d5ES HMSF &#8211; COMPET\u00caNCIA MAR\u00c7O 2020<\/a><br><\/p>\n<p><a href=\"https:\/\/hmsf.com.br\/new\/wp-content\/uploads\/2021\/04\/DOACOES-HMSF-COMPETENCIA-ABRIL-2020.pdf\" target=\"_blank\">DOA\u00c7\u00d5ES HMSF &#8211; COMPET\u00caNCIA ABRIL 2020<\/a><br><\/p>\n<p><a href=\"https:\/\/hmsf.com.br\/new\/wp-content\/uploads\/2021\/04\/DOACOES-HMSF-COMPETENCIA-MAIO-2020.pdf\" target=\"_blank\">DOA\u00c7\u00d5ES HMSF &#8211; COMPET\u00caNCIA MAIO 2020<\/a><br><\/p>\n<p><a href=\"https:\/\/hmsf.com.br\/new\/wp-content\/uploads\/2021\/04\/DOACOES-HMSF-\u2013-COMPETENCIA-JUNHO-2020.pdf\" target=\"_blank\">DOA\u00c7\u00d5ES HMSF \u2013 COMPET\u00caNCIA JUNHO 2020<\/a><br><\/p>\n<p><a href=\"https:\/\/hmsf.com.br\/new\/wp-content\/uploads\/2021\/04\/DOACOES-HMSF-\u2013-COMPETENCIA-JULHO-2020.pdf\" target=\"_blank\">DOA\u00c7\u00d5ES HMSF \u2013 COMPET\u00caNCIA JULHO 2020<\/a><br><\/p>\n<p><a href=\"https:\/\/hmsf.com.br\/new\/wp-content\/uploads\/2021\/04\/DOACOES-HMSF-\u2013-COMPETENCIA-AGOSTO-2020.pdf\" target=\"_blank\">DOA\u00c7\u00d5ES HMSF \u2013 COMPET\u00caNCIA AGOSTO 2020<\/a><br><\/p>\n<p><a href=\"https:\/\/hmsf.com.br\/new\/wp-content\/uploads\/2021\/04\/DOACOES-HMSF-\u2013-COMPETENCIA-SETEMBRO-2020.pdf\" target=\"_blank\">DOA\u00c7\u00d5ES HMSF \u2013 COMPET\u00caNCIA SETEMBRO 2020<\/a><br><\/p>\n<p><a href=\"https:\/\/hmsf.com.br\/new\/wp-content\/uploads\/2021\/04\/DOACOES-HMSF-\u2013-COMPETENCIA-OUTUBRO-2020.pdf\" target=\"_blank\">DOA\u00c7\u00d5ES HMSF \u2013 COMPET\u00caNCIA OUTUBRO 2020<\/a><br><\/p>\n<p><a href=\"https:\/\/hmsf.com.br\/new\/wp-content\/uploads\/2021\/04\/DOACOES-HMSF-\u2013-COMPETENCIA-NOVEMBRO-2020.pdf\" target=\"_blank\">DOA\u00c7\u00d5ES HMSF \u2013 COMPET\u00caNCIA NOVEMBRO 2020<\/a><br><\/p>\n<p><a href=\"https:\/\/hmsf.com.br\/new\/wp-content\/uploads\/2021\/04\/DOACOES-HMSF-\u2013-COMPETENCIA-DEZEMBRO-2020.pdf\" target=\"_blank\">DOA\u00c7\u00d5ES HMSF \u2013 COMPET\u00caNCIA DEZEMBRO 2020<\/a><br><\/p>\t\t\t\t\t\t<\/div>\n\t\t\t\t<\/div>\n\t\t\t\t\t<\/div>\n\t\t<\/div>\n\t\t\t\t\t\t\t<\/div>\n\t\t<\/section>\n\t\t\t\t\t\t\t<\/div>\n\t\t","protected":false},"excerpt":{"rendered":"<p>DOA\u00c7\u00d5ES HMSF &#8211; COMPET\u00caNCIA MAR\u00c7O 2020 DOA\u00c7\u00d5ES HMSF &#8211; COMPET\u00caNCIA ABRIL 2020 DOA\u00c7\u00d5ES HMSF &#8211; COMPET\u00caNCIA MAIO 2020 DOA\u00c7\u00d5ES HMSF \u2013 COMPET\u00caNCIA JUNHO 2020 DOA\u00c7\u00d5ES HMSF \u2013 COMPET\u00caNCIA JULHO 2020 DOA\u00c7\u00d5ES HMSF \u2013 COMPET\u00caNCIA AGOSTO 2020 DOA\u00c7\u00d5ES HMSF \u2013 COMPET\u00caNCIA SETEMBRO 2020 DOA\u00c7\u00d5ES HMSF \u2013 COMPET\u00caNCIA OUTUBRO 2020 DOA\u00c7\u00d5ES HMSF \u2013 COMPET\u00caNCIA NOVEMBRO 2020 DOA\u00c7\u00d5ES &hellip;<\/p>\n<p class=\"read-more\"> <a class=\"\" href=\"https:\/\/hmsf.com.br\/new\/doacoes\/doacoes-2020\/\"> <span class=\"screen-reader-text\">Doa\u00e7\u00f5es 2020<\/span> Leia mais &raquo;<\/a><\/p>\n","protected":false},"author":3,"featured_media":0,"parent":13,"menu_order":0,"comment_status":"closed","ping_status":"closed","template":"","meta":[],"_links":{"self":[{"href":"https:\/\/hmsf.com.br\/new\/wp-json\/wp\/v2\/pages\/451"}],"collection":[{"href":"https:\/\/hmsf.com.br\/new\/wp-json\/wp\/v2\/pages"}],"about":[{"href":"https:\/\/hmsf.com.br\/new\/wp-json\/wp\/v2\/types\/page"}],"author":[{"embeddable":true,"href":"https:\/\/hmsf.com.br\/new\/wp-json\/wp\/v2\/users\/3"}],"replies":[{"embeddable":true,"href":"https:\/\/hmsf.com.br\/new\/wp-json\/wp\/v2\/comments?post=451"}],"version-history":[{"count":44,"href":"https:\/\/hmsf.com.br\/new\/wp-json\/wp\/v2\/pages\/451\/revisions"}],"predecessor-version":[{"id":515,"href":"https:\/\/hmsf.com.br\/new\/wp-json\/wp\/v2\/pages\/451\/revisions\/515"}],"up":[{"embeddable":true,"href":"https:\/\/hmsf.com.br\/new\/wp-json\/wp\/v2\/pages\/13"}],"wp:attachment":[{"href":"https:\/\/hmsf.com.br\/new\/wp-json\/wp\/v2\/media?parent=451"}],"curies":[{"name":"wp","href":"https:\/\/api.w.org\/{rel}","templated":true}]}}