{"id":4239,"date":"2024-05-09T13:27:58","date_gmt":"2024-05-09T16:27:58","guid":{"rendered":"https:\/\/hmsf.com.br\/new\/?page_id=4239"},"modified":"2025-03-24T16:55:54","modified_gmt":"2025-03-24T19:55:54","slug":"plantao-presencial-e-plantao-sobreaviso-2024","status":"publish","type":"page","link":"https:\/\/hmsf.com.br\/new\/contratualizacao-sus\/contrato-046-2022\/plantao-presencial-e-plantao-sobreaviso\/plantao-presencial-e-plantao-sobreaviso-2024\/","title":{"rendered":"PLANT\u00c3O PRESENCIAL E PLANT\u00c3O SOBREAVISO 2024"},"content":{"rendered":"\t\t<div data-elementor-type=\"wp-page\" data-elementor-id=\"4239\" class=\"elementor elementor-4239\">\n\t\t\t\t\t\t\t<div class=\"elementor-element elementor-element-6bb069b e-con-boxed e-flex e-con\" data-id=\"6bb069b\" data-element_type=\"container\" data-settings=\"{&quot;content_width&quot;:&quot;boxed&quot;}\">\n\t\t\t\t\t<div class=\"e-con-inner\">\n\t\t\t\t<div class=\"elementor-element elementor-element-73a381f elementor-widget elementor-widget-text-editor\" data-id=\"73a381f\" data-element_type=\"widget\" data-widget_type=\"text-editor.default\">\n\t\t\t\t<div class=\"elementor-widget-container\">\n\t\t\t<style>\/*! elementor - v3.13.3 - 28-05-2023 *\/\n.elementor-widget-text-editor.elementor-drop-cap-view-stacked .elementor-drop-cap{background-color:#69727d;color:#fff}.elementor-widget-text-editor.elementor-drop-cap-view-framed .elementor-drop-cap{color:#69727d;border:3px solid;background-color:transparent}.elementor-widget-text-editor:not(.elementor-drop-cap-view-default) .elementor-drop-cap{margin-top:8px}.elementor-widget-text-editor:not(.elementor-drop-cap-view-default) .elementor-drop-cap-letter{width:1em;height:1em}.elementor-widget-text-editor .elementor-drop-cap{float:left;text-align:center;line-height:1;font-size:50px}.elementor-widget-text-editor .elementor-drop-cap-letter{display:inline-block}<\/style>\t\t\t\t<p><a href=\"https:\/\/hmsf.com.br\/new\/wp-content\/uploads\/2024\/05\/BALANCETE-JANEIRO.pdf\" target=\"_blank\" rel=\"noopener\">01- BALANCETE COMP. JANEIRO 2024<\/a><\/p><p><a href=\"https:\/\/hmsf.com.br\/new\/wp-content\/uploads\/2024\/05\/BALANCETE-FEVEREIRO-1.pdf\" target=\"_blank\" rel=\"noopener\">02- BALANCETE COMP. FEVEREIRO 2024<\/a><\/p><p><a href=\"https:\/\/hmsf.com.br\/new\/wp-content\/uploads\/2024\/05\/BALANCETE-MARCO-1.pdf\" target=\"_blank\" rel=\"noopener\">03- BALANCETE COMP. MAR\u00c7O 2024<\/a><\/p><p><a href=\"https:\/\/hmsf.com.br\/new\/wp-content\/uploads\/2024\/06\/BALANCETE-ABRIL-1.pdf\" target=\"_blank\" rel=\"noopener\">04 &#8211; BALANCETE COMP. ABRIL 2024<\/a><\/p><p><a href=\"https:\/\/hmsf.com.br\/new\/wp-content\/uploads\/2024\/07\/BALANCETE-MAIO.pdf\" target=\"_blank\" rel=\"noopener\">05 &#8211; BALANCETE PLANT\u00c3O COMP. MAIO 2024<\/a><\/p><p><a href=\"https:\/\/hmsf.com.br\/new\/wp-content\/uploads\/2024\/08\/BALANCETE-JUNHO.pdf\" target=\"_blank\" rel=\"noopener\">06 &#8211; BALANCETE PLANT\u00c3O COMP. JUNHO 2024<\/a><\/p><p><a href=\"https:\/\/hmsf.com.br\/new\/wp-content\/uploads\/2024\/10\/BALANCETE-JULHO.pdf\" target=\"_blank\" rel=\"noopener\">07 &#8211; BALANCETE COMP. JULHO 2024<\/a><\/p><p><a href=\"https:\/\/hmsf.com.br\/new\/wp-content\/uploads\/2024\/11\/BALANCETE-AGOSTO.pdf\" target=\"_blank\" rel=\"noopener\">08 &#8211; BALANCETE COMP. AGOSTO 2024<\/a><\/p><p><a href=\"https:\/\/hmsf.com.br\/new\/wp-content\/uploads\/2025\/03\/BALANCETE-SETEMBRO.pdf\" target=\"_blank\" rel=\"noopener\">09 &#8211; BALANCETE COMP. SETEMBRO 2024<\/a><\/p><p><a href=\"https:\/\/hmsf.com.br\/new\/wp-content\/uploads\/2025\/01\/BALANCETE-OUTUBRO.pdf\" target=\"_blank\" rel=\"noopener\">10 &#8211; BALANCETE COMP. OUTUBRO 2024<\/a><\/p><p><a href=\"https:\/\/hmsf.com.br\/new\/wp-content\/uploads\/2025\/01\/BALANCETE-NOVEMBRO.pdf\" target=\"_blank\" rel=\"noopener\">11 &#8211; BALANCETE COMP. NOVEMBRO 2024<\/a><\/p><p><a href=\"https:\/\/hmsf.com.br\/new\/wp-content\/uploads\/2025\/03\/BALANCETE-DEZEMBRO-1.pdf\" target=\"_blank\" rel=\"noopener\">12 &#8211; BALANCETE COMP. DEZEMBRO 2024<\/a><\/p>\t\t\t\t\t\t<\/div>\n\t\t\t\t<\/div>\n\t\t\t\t\t<\/div>\n\t\t\t\t<\/div>\n\t\t\t\t\t\t\t<\/div>\n\t\t","protected":false},"excerpt":{"rendered":"<p>01- BALANCETE COMP. JANEIRO 2024 02- BALANCETE COMP. FEVEREIRO 2024 03- BALANCETE COMP. MAR\u00c7O 2024 04 &#8211; BALANCETE COMP. ABRIL 2024 05 &#8211; BALANCETE PLANT\u00c3O COMP. MAIO 2024 06 &#8211; BALANCETE PLANT\u00c3O COMP. JUNHO 2024 07 &#8211; BALANCETE COMP. JULHO 2024 08 &#8211; BALANCETE COMP. AGOSTO 2024 09 &#8211; BALANCETE COMP. SETEMBRO 2024 10 &#8211; &hellip;<\/p>\n<p class=\"read-more\"> <a class=\"\" href=\"https:\/\/hmsf.com.br\/new\/contratualizacao-sus\/contrato-046-2022\/plantao-presencial-e-plantao-sobreaviso\/plantao-presencial-e-plantao-sobreaviso-2024\/\"> <span class=\"screen-reader-text\">PLANT\u00c3O PRESENCIAL E PLANT\u00c3O SOBREAVISO 2024<\/span> Leia mais &raquo;<\/a><\/p>\n","protected":false},"author":3,"featured_media":0,"parent":3942,"menu_order":0,"comment_status":"closed","ping_status":"closed","template":"elementor_theme","meta":[],"_links":{"self":[{"href":"https:\/\/hmsf.com.br\/new\/wp-json\/wp\/v2\/pages\/4239"}],"collection":[{"href":"https:\/\/hmsf.com.br\/new\/wp-json\/wp\/v2\/pages"}],"about":[{"href":"https:\/\/hmsf.com.br\/new\/wp-json\/wp\/v2\/types\/page"}],"author":[{"embeddable":true,"href":"https:\/\/hmsf.com.br\/new\/wp-json\/wp\/v2\/users\/3"}],"replies":[{"embeddable":true,"href":"https:\/\/hmsf.com.br\/new\/wp-json\/wp\/v2\/comments?post=4239"}],"version-history":[{"count":55,"href":"https:\/\/hmsf.com.br\/new\/wp-json\/wp\/v2\/pages\/4239\/revisions"}],"predecessor-version":[{"id":4896,"href":"https:\/\/hmsf.com.br\/new\/wp-json\/wp\/v2\/pages\/4239\/revisions\/4896"}],"up":[{"embeddable":true,"href":"https:\/\/hmsf.com.br\/new\/wp-json\/wp\/v2\/pages\/3942"}],"wp:attachment":[{"href":"https:\/\/hmsf.com.br\/new\/wp-json\/wp\/v2\/media?parent=4239"}],"curies":[{"name":"wp","href":"https:\/\/api.w.org\/{rel}","templated":true}]}}