{"id":3998,"date":"2024-01-09T14:49:16","date_gmt":"2024-01-09T17:49:16","guid":{"rendered":"https:\/\/hmsf.com.br\/new\/?page_id=3998"},"modified":"2024-03-28T13:36:56","modified_gmt":"2024-03-28T16:36:56","slug":"subvencao-uti","status":"publish","type":"page","link":"https:\/\/hmsf.com.br\/new\/contratualizacao-sus\/contrato-046-2022\/subvencao-uti\/","title":{"rendered":"SUBVENCAO UTI"},"content":{"rendered":"\t\t<div data-elementor-type=\"wp-page\" data-elementor-id=\"3998\" class=\"elementor elementor-3998\">\n\t\t\t\t\t\t\t<div class=\"elementor-element elementor-element-8dea92b e-con-boxed e-flex e-con\" data-id=\"8dea92b\" data-element_type=\"container\" data-settings=\"{&quot;content_width&quot;:&quot;boxed&quot;}\">\n\t\t\t\t\t<div class=\"e-con-inner\">\n\t\t<div class=\"elementor-element elementor-element-791ab65 e-con-full e-flex e-con\" data-id=\"791ab65\" data-element_type=\"container\" data-settings=\"{&quot;content_width&quot;:&quot;full&quot;}\">\n\t\t\t\t<div class=\"elementor-element elementor-element-c4b76e8 elementor-widget elementor-widget-text-editor\" data-id=\"c4b76e8\" data-element_type=\"widget\" data-widget_type=\"text-editor.default\">\n\t\t\t\t<div class=\"elementor-widget-container\">\n\t\t\t<style>\/*! elementor - v3.13.3 - 28-05-2023 *\/\n.elementor-widget-text-editor.elementor-drop-cap-view-stacked .elementor-drop-cap{background-color:#69727d;color:#fff}.elementor-widget-text-editor.elementor-drop-cap-view-framed .elementor-drop-cap{color:#69727d;border:3px solid;background-color:transparent}.elementor-widget-text-editor:not(.elementor-drop-cap-view-default) .elementor-drop-cap{margin-top:8px}.elementor-widget-text-editor:not(.elementor-drop-cap-view-default) .elementor-drop-cap-letter{width:1em;height:1em}.elementor-widget-text-editor .elementor-drop-cap{float:left;text-align:center;line-height:1;font-size:50px}.elementor-widget-text-editor .elementor-drop-cap-letter{display:inline-block}<\/style>\t\t\t\t<p><a href=\"https:\/\/hmsf.com.br\/new\/subvencao-uti-2023\/\">SUBVEN\u00c7\u00c3O UTI 2023<\/a><\/p><p><a href=\"https:\/\/hmsf.com.br\/new\/contratualizacao-sus\/contrato-046-2022\/subvencao-uti\/subvencao-uti-2024\/\">SUBVEN\u00c7\u00c3O UTI 2024<\/a><\/p>\t\t\t\t\t\t<\/div>\n\t\t\t\t<\/div>\n\t\t\t\t<\/div>\n\t\t\t\t\t<\/div>\n\t\t\t\t<\/div>\n\t\t\t\t\t\t\t<\/div>\n\t\t","protected":false},"excerpt":{"rendered":"<p>SUBVEN\u00c7\u00c3O UTI 2023 SUBVEN\u00c7\u00c3O UTI 2024<\/p>\n","protected":false},"author":3,"featured_media":0,"parent":3835,"menu_order":0,"comment_status":"closed","ping_status":"closed","template":"","meta":[],"_links":{"self":[{"href":"https:\/\/hmsf.com.br\/new\/wp-json\/wp\/v2\/pages\/3998"}],"collection":[{"href":"https:\/\/hmsf.com.br\/new\/wp-json\/wp\/v2\/pages"}],"about":[{"href":"https:\/\/hmsf.com.br\/new\/wp-json\/wp\/v2\/types\/page"}],"author":[{"embeddable":true,"href":"https:\/\/hmsf.com.br\/new\/wp-json\/wp\/v2\/users\/3"}],"replies":[{"embeddable":true,"href":"https:\/\/hmsf.com.br\/new\/wp-json\/wp\/v2\/comments?post=3998"}],"version-history":[{"count":28,"href":"https:\/\/hmsf.com.br\/new\/wp-json\/wp\/v2\/pages\/3998\/revisions"}],"predecessor-version":[{"id":4145,"href":"https:\/\/hmsf.com.br\/new\/wp-json\/wp\/v2\/pages\/3998\/revisions\/4145"}],"up":[{"embeddable":true,"href":"https:\/\/hmsf.com.br\/new\/wp-json\/wp\/v2\/pages\/3835"}],"wp:attachment":[{"href":"https:\/\/hmsf.com.br\/new\/wp-json\/wp\/v2\/media?parent=3998"}],"curies":[{"name":"wp","href":"https:\/\/api.w.org\/{rel}","templated":true}]}}