{"id":3942,"date":"2024-01-09T13:00:53","date_gmt":"2024-01-09T16:00:53","guid":{"rendered":"https:\/\/hmsf.com.br\/new\/?page_id=3942"},"modified":"2025-04-22T12:46:33","modified_gmt":"2025-04-22T15:46:33","slug":"plantao-presencial-e-plantao-sobreaviso","status":"publish","type":"page","link":"https:\/\/hmsf.com.br\/new\/contratualizacao-sus\/contrato-046-2022\/plantao-presencial-e-plantao-sobreaviso\/","title":{"rendered":"PLANTAO PRESENCIAL E PLANTAO SOBREAVISO"},"content":{"rendered":"\t\t<div data-elementor-type=\"wp-page\" data-elementor-id=\"3942\" class=\"elementor elementor-3942\">\n\t\t\t\t\t\t\t<div class=\"elementor-element elementor-element-2a0d218 e-con-boxed e-flex e-con\" data-id=\"2a0d218\" data-element_type=\"container\" data-settings=\"{&quot;content_width&quot;:&quot;boxed&quot;}\">\n\t\t\t\t\t<div class=\"e-con-inner\">\n\t\t\t\t<div class=\"elementor-element elementor-element-d44a893 elementor-widget elementor-widget-text-editor\" data-id=\"d44a893\" data-element_type=\"widget\" data-widget_type=\"text-editor.default\">\n\t\t\t\t<div class=\"elementor-widget-container\">\n\t\t\t<style>\/*! elementor - v3.13.3 - 28-05-2023 *\/\n.elementor-widget-text-editor.elementor-drop-cap-view-stacked .elementor-drop-cap{background-color:#69727d;color:#fff}.elementor-widget-text-editor.elementor-drop-cap-view-framed .elementor-drop-cap{color:#69727d;border:3px solid;background-color:transparent}.elementor-widget-text-editor:not(.elementor-drop-cap-view-default) .elementor-drop-cap{margin-top:8px}.elementor-widget-text-editor:not(.elementor-drop-cap-view-default) .elementor-drop-cap-letter{width:1em;height:1em}.elementor-widget-text-editor .elementor-drop-cap{float:left;text-align:center;line-height:1;font-size:50px}.elementor-widget-text-editor .elementor-drop-cap-letter{display:inline-block}<\/style>\t\t\t\t<p><a href=\"https:\/\/hmsf.com.br\/new\/contratualizacao-sus\/contrato-no-049-2019\/plantao-presencial-e-plantao-sobreaviso\/plantao-presencial-e-plantao-sobreaviso-2023\/\">PLANT\u00c3O PRESENCIAL E PLANT\u00c3O SOBREAVISO 2023<\/a><\/p><p><a href=\"https:\/\/hmsf.com.br\/new\/contratualizacao-sus\/contrato-046-2022\/plantao-presencial-e-plantao-sobreaviso\/plantao-presencial-e-plantao-sobreaviso-2024\/\">PLANT\u00c3O PRESENCIAL E PLANT\u00c3O SOBREAVISO 2024<\/a><\/p><p><a href=\"https:\/\/hmsf.com.br\/new\/contratualizacao-sus\/contrato-046-2022\/plantao-presencial-e-plantao-sobreaviso\/plantao-presencial-e-plantao-sobreaviso-2025\/\">PLANT\u00c3O PRESENCIAL E PLANT\u00c3O SOBREAVISO 2025<\/a><\/p>\t\t\t\t\t\t<\/div>\n\t\t\t\t<\/div>\n\t\t\t\t\t<\/div>\n\t\t\t\t<\/div>\n\t\t\t\t\t\t\t<\/div>\n\t\t","protected":false},"excerpt":{"rendered":"<p>PLANT\u00c3O PRESENCIAL E PLANT\u00c3O SOBREAVISO 2023 PLANT\u00c3O PRESENCIAL E PLANT\u00c3O SOBREAVISO 2024 PLANT\u00c3O PRESENCIAL E PLANT\u00c3O SOBREAVISO 2025<\/p>\n","protected":false},"author":3,"featured_media":0,"parent":3835,"menu_order":0,"comment_status":"closed","ping_status":"closed","template":"","meta":[],"_links":{"self":[{"href":"https:\/\/hmsf.com.br\/new\/wp-json\/wp\/v2\/pages\/3942"}],"collection":[{"href":"https:\/\/hmsf.com.br\/new\/wp-json\/wp\/v2\/pages"}],"about":[{"href":"https:\/\/hmsf.com.br\/new\/wp-json\/wp\/v2\/types\/page"}],"author":[{"embeddable":true,"href":"https:\/\/hmsf.com.br\/new\/wp-json\/wp\/v2\/users\/3"}],"replies":[{"embeddable":true,"href":"https:\/\/hmsf.com.br\/new\/wp-json\/wp\/v2\/comments?post=3942"}],"version-history":[{"count":34,"href":"https:\/\/hmsf.com.br\/new\/wp-json\/wp\/v2\/pages\/3942\/revisions"}],"predecessor-version":[{"id":4935,"href":"https:\/\/hmsf.com.br\/new\/wp-json\/wp\/v2\/pages\/3942\/revisions\/4935"}],"up":[{"embeddable":true,"href":"https:\/\/hmsf.com.br\/new\/wp-json\/wp\/v2\/pages\/3835"}],"wp:attachment":[{"href":"https:\/\/hmsf.com.br\/new\/wp-json\/wp\/v2\/media?parent=3942"}],"curies":[{"name":"wp","href":"https:\/\/api.w.org\/{rel}","templated":true}]}}