{"id":3835,"date":"2024-01-09T10:43:14","date_gmt":"2024-01-09T13:43:14","guid":{"rendered":"https:\/\/hmsf.com.br\/new\/?page_id=3835"},"modified":"2026-04-15T10:05:49","modified_gmt":"2026-04-15T13:05:49","slug":"contrato-046-2022","status":"publish","type":"page","link":"https:\/\/hmsf.com.br\/new\/contratualizacao-sus\/contrato-046-2022\/","title":{"rendered":"Contrato 046-2022"},"content":{"rendered":"\t\t<div data-elementor-type=\"wp-page\" data-elementor-id=\"3835\" class=\"elementor elementor-3835\">\n\t\t\t\t\t\t\t\t\t<section class=\"elementor-section elementor-top-section elementor-element elementor-element-0ece1d5 elementor-section-boxed elementor-section-height-default elementor-section-height-default\" data-id=\"0ece1d5\" data-element_type=\"section\">\n\t\t\t\t\t\t<div class=\"elementor-container elementor-column-gap-default\">\n\t\t\t\t\t<div class=\"elementor-column elementor-col-100 elementor-top-column elementor-element elementor-element-d3f206d\" data-id=\"d3f206d\" data-element_type=\"column\">\n\t\t\t<div class=\"elementor-widget-wrap elementor-element-populated\">\n\t\t\t\t\t\t\t\t<div class=\"elementor-element elementor-element-455b313 elementor-widget elementor-widget-text-editor\" data-id=\"455b313\" data-element_type=\"widget\" data-widget_type=\"text-editor.default\">\n\t\t\t\t<div class=\"elementor-widget-container\">\n\t\t\t<style>\/*! elementor - v3.13.3 - 28-05-2023 *\/\n.elementor-widget-text-editor.elementor-drop-cap-view-stacked .elementor-drop-cap{background-color:#69727d;color:#fff}.elementor-widget-text-editor.elementor-drop-cap-view-framed .elementor-drop-cap{color:#69727d;border:3px solid;background-color:transparent}.elementor-widget-text-editor:not(.elementor-drop-cap-view-default) .elementor-drop-cap{margin-top:8px}.elementor-widget-text-editor:not(.elementor-drop-cap-view-default) .elementor-drop-cap-letter{width:1em;height:1em}.elementor-widget-text-editor .elementor-drop-cap{float:left;text-align:center;line-height:1;font-size:50px}.elementor-widget-text-editor .elementor-drop-cap-letter{display:inline-block}<\/style>\t\t\t\t<p><a href=\"https:\/\/hmsf.com.br\/new\/contratualizacao-sus\/contrato-046-2022\/complemento-fim-de-ano-2022\/\">COMPLEMENTO FIM DE ANO 2022<\/a><\/p><p><a href=\"https:\/\/hmsf.com.br\/new\/contratualizacao-sus\/contrato-046-2022\/complemento-fim-de-ano-2023\/\">COMPLEMENTO FIM DE ANO 2023<\/a><\/p><p><a href=\"https:\/\/hmsf.com.br\/new\/contratualizacao-sus\/contrato-046-2022\/complemento-fim-de-ano-2024\/\">COMPLEMENTO FIM DE ANO 2024<\/a><\/p><p><a href=\"https:\/\/hmsf.com.br\/new\/contratualizacao-sus\/contrato-046-2022\/complemento-fim-de-ano-2025\/\">COMPLEMENTO FIM DE ANO 2025<\/a><\/p><p><a href=\"https:\/\/hmsf.com.br\/new\/contratualizacao-sus\/contrato-046-2022\/incentivos-federais-e-estaduais\/\">INCENTIVOS FEDERAIS E ESTADUAIS<\/a><\/p><p><a href=\"https:\/\/hmsf.com.br\/new\/contratualizacao-sus\/contrato-046-2022\/plantao-presencial-e-plantao-sobreaviso\/\">PLANT\u00c3O PRESENCIAL E PLANT\u00c3O SOBREAVISO<\/a><\/p><p><a href=\"https:\/\/hmsf.com.br\/new\/contratualizacao-sus\/contrato-046-2022\/sobreaviso-oncologia\/\">SOBREAVISO ONCOLOGIA<\/a><\/p><p><a href=\"https:\/\/hmsf.com.br\/new\/contratualizacao-sus\/contrato-046-2022\/subvencao-uti\/\">SUBVEN\u00c7\u00c3O UTI<\/a><\/p><p><a href=\"https:\/\/hmsf.com.br\/new\/contratualizacao-sus\/contrato-046-2022\/piso-da-enfermagem-2023\/\">PISO DA ENFERMAGEM 2023<\/a><\/p><ul><li><a href=\"https:\/\/hmsf.com.br\/new\/wp-content\/uploads\/2024\/01\/Contrato-046-2022.pdf\" target=\"_blank\" rel=\"noopener\">CONTRATO 046-2022<\/a><\/li><\/ul><p><a href=\"https:\/\/hmsf.com.br\/new\/contratualizacao-sus\/contrato-046-2022\/termo-de-convenio-003-2023\/\">TERMO DE CONV\u00caNIO 003\/2023<\/a><\/p><p><a href=\"https:\/\/hmsf.com.br\/new\/contratualizacao-sus\/contrato-046-2022\/piso-da-enfermagem-2024\/\">PISO ENFERMAGEM 2024<\/a><\/p><p><a href=\"https:\/\/hmsf.com.br\/new\/contratualizacao-sus\/contrato-046-2022\/piso-da-enfermagem-2025\/\">PISO ENFERMAGEM 2025<\/a><\/p><p><a href=\"https:\/\/hmsf.com.br\/new\/contratualizacao-sus\/contrato-046-2022\/pvh-programa-de-valorizacao-hospitalar-2024\/\">PVH (PROGRAMA DE VALORIZA\u00c7\u00c3O HOSPITALAR) 2024<\/a><\/p><p><a href=\"https:\/\/hmsf.com.br\/new\/contratualizacao-sus\/contrato-046-2022\/contrato-e-termos-aditivos\/\">CONTRATOS E TERMOS ADITIVOS<\/a><\/p><p><a href=\"https:\/\/hmsf.com.br\/new\/contratualizacao-sus\/contrato-046-2022\/pvh-programa-de-valorizacao-hospitalar-2025\/\">PVH (PROGRAMA DE VALORIZA\u00c7\u00c3O HOSPITALAR) 2025\u00a0<\/a><\/p><p><a href=\"https:\/\/hmsf.com.br\/new\/contratualizacao-sus\/contrato-046-2022\/subvencao-termos-aditivos-2025\/\">SUBVEN\u00c7\u00c3O TERMOS ADITIVOS 2025<\/a><\/p>\t\t\t\t\t\t<\/div>\n\t\t\t\t<\/div>\n\t\t\t\t\t<\/div>\n\t\t<\/div>\n\t\t\t\t\t\t\t<\/div>\n\t\t<\/section>\n\t\t\t\t\t\t\t<\/div>\n\t\t","protected":false},"excerpt":{"rendered":"<p>COMPLEMENTO FIM DE ANO 2022 COMPLEMENTO FIM DE ANO 2023 COMPLEMENTO FIM DE ANO 2024 COMPLEMENTO FIM DE ANO 2025 INCENTIVOS FEDERAIS E ESTADUAIS PLANT\u00c3O PRESENCIAL E PLANT\u00c3O SOBREAVISO SOBREAVISO ONCOLOGIA SUBVEN\u00c7\u00c3O UTI PISO DA ENFERMAGEM 2023 CONTRATO 046-2022 TERMO DE CONV\u00caNIO 003\/2023 PISO ENFERMAGEM 2024 PISO ENFERMAGEM 2025 PVH (PROGRAMA DE VALORIZA\u00c7\u00c3O HOSPITALAR) 2024 &hellip;<\/p>\n<p class=\"read-more\"> <a class=\"\" href=\"https:\/\/hmsf.com.br\/new\/contratualizacao-sus\/contrato-046-2022\/\"> <span class=\"screen-reader-text\">Contrato 046-2022<\/span> Leia mais &raquo;<\/a><\/p>\n","protected":false},"author":3,"featured_media":0,"parent":15,"menu_order":0,"comment_status":"closed","ping_status":"closed","template":"","meta":[],"_links":{"self":[{"href":"https:\/\/hmsf.com.br\/new\/wp-json\/wp\/v2\/pages\/3835"}],"collection":[{"href":"https:\/\/hmsf.com.br\/new\/wp-json\/wp\/v2\/pages"}],"about":[{"href":"https:\/\/hmsf.com.br\/new\/wp-json\/wp\/v2\/types\/page"}],"author":[{"embeddable":true,"href":"https:\/\/hmsf.com.br\/new\/wp-json\/wp\/v2\/users\/3"}],"replies":[{"embeddable":true,"href":"https:\/\/hmsf.com.br\/new\/wp-json\/wp\/v2\/comments?post=3835"}],"version-history":[{"count":106,"href":"https:\/\/hmsf.com.br\/new\/wp-json\/wp\/v2\/pages\/3835\/revisions"}],"predecessor-version":[{"id":5251,"href":"https:\/\/hmsf.com.br\/new\/wp-json\/wp\/v2\/pages\/3835\/revisions\/5251"}],"up":[{"embeddable":true,"href":"https:\/\/hmsf.com.br\/new\/wp-json\/wp\/v2\/pages\/15"}],"wp:attachment":[{"href":"https:\/\/hmsf.com.br\/new\/wp-json\/wp\/v2\/media?parent=3835"}],"curies":[{"name":"wp","href":"https:\/\/api.w.org\/{rel}","templated":true}]}}