{"id":3654,"date":"2023-06-26T15:25:45","date_gmt":"2023-06-26T18:25:45","guid":{"rendered":"https:\/\/hmsf.com.br\/new\/?page_id=3654"},"modified":"2023-12-04T08:50:56","modified_gmt":"2023-12-04T11:50:56","slug":"2023tr000013","status":"publish","type":"page","link":"https:\/\/hmsf.com.br\/new\/2023tr000013\/","title":{"rendered":"2023TR000013"},"content":{"rendered":"\t\t<div data-elementor-type=\"wp-page\" data-elementor-id=\"3654\" class=\"elementor elementor-3654\">\n\t\t\t\t\t\t\t<div class=\"elementor-element elementor-element-9767773 e-con-full e-flex e-con\" data-id=\"9767773\" data-element_type=\"container\" data-settings=\"{&quot;content_width&quot;:&quot;full&quot;}\">\n\t\t\t\t<div class=\"elementor-element elementor-element-97d75d2 elementor-widget elementor-widget-text-editor\" data-id=\"97d75d2\" data-element_type=\"widget\" data-widget_type=\"text-editor.default\">\n\t\t\t\t<div class=\"elementor-widget-container\">\n\t\t\t<style>\/*! elementor - v3.13.3 - 28-05-2023 *\/\n.elementor-widget-text-editor.elementor-drop-cap-view-stacked .elementor-drop-cap{background-color:#69727d;color:#fff}.elementor-widget-text-editor.elementor-drop-cap-view-framed .elementor-drop-cap{color:#69727d;border:3px solid;background-color:transparent}.elementor-widget-text-editor:not(.elementor-drop-cap-view-default) .elementor-drop-cap{margin-top:8px}.elementor-widget-text-editor:not(.elementor-drop-cap-view-default) .elementor-drop-cap-letter{width:1em;height:1em}.elementor-widget-text-editor .elementor-drop-cap{float:left;text-align:center;line-height:1;font-size:50px}.elementor-widget-text-editor .elementor-drop-cap-letter{display:inline-block}<\/style>\t\t\t\t<p><a href=\"https:\/\/hmsf.com.br\/new\/wp-content\/uploads\/2023\/06\/PROPOSTA-28310.pdf\" target=\"_blank\" rel=\"noopener\">PROPOSTA 28310<\/a><\/p><p><a href=\"https:\/\/hmsf.com.br\/new\/wp-content\/uploads\/2023\/06\/TERMO-DE-CONVENIO-2023TR000013.pdf\" target=\"_blank\" rel=\"noopener\">TERMO DE CONVENIO &#8211; 2023TR000013<\/a><\/p><p><a href=\"https:\/\/hmsf.com.br\/new\/wp-content\/uploads\/2023\/06\/RELATORIO-DE-APOSTILAMENTO.pdf\" target=\"_blank\" rel=\"noopener\">RELAT\u00d3RIO DE APOSTILAMENTO<\/a><\/p><p><a href=\"https:\/\/hmsf.com.br\/new\/wp-content\/uploads\/2023\/06\/PRESTACAO-DE-CONTAS-PARCIAL-01.pdf\" target=\"_blank\" rel=\"noopener\">PRESTA\u00c7\u00c3O DE CONTAS &#8211; PARCIAL 01<\/a><\/p><p><a href=\"https:\/\/hmsf.com.br\/new\/wp-content\/uploads\/2023\/06\/PRESTACAO-DE-CONTAS-PARCIAL-02.pdf\" target=\"_blank\" rel=\"noopener\">PRESTA\u00c7\u00c3O DE CONTAS &#8211; PARCIAL 02<\/a><\/p><p><a href=\"https:\/\/hmsf.com.br\/new\/wp-content\/uploads\/2023\/12\/PRESTACAO-DE-CONTAS-PARCIAL-03.pdf\" target=\"_blank\" rel=\"noopener\">PRESTA\u00c7\u00c3O DE CONTAS &#8211; PARCIAL 03<\/a><\/p><p><a href=\"https:\/\/hmsf.com.br\/new\/wp-content\/uploads\/2023\/12\/PRESTACAO-DE-CONTAS-PARCIAL-04.pdf\" target=\"_blank\" rel=\"noopener\">PRESTA\u00c7\u00c3O DE CONTAS &#8211; PARCIAL 04<\/a><\/p><p><a href=\"https:\/\/hmsf.com.br\/new\/wp-content\/uploads\/2023\/12\/PRESTACAO-DE-CONTAS-PARCIAL-05.pdf\" target=\"_blank\" rel=\"noopener\">PRESTA\u00c7\u00c3O DE CONTAS &#8211; PARCIAL 05<\/a><\/p>\t\t\t\t\t\t<\/div>\n\t\t\t\t<\/div>\n\t\t\t\t<\/div>\n\t\t\t\t\t\t\t<\/div>\n\t\t","protected":false},"excerpt":{"rendered":"<p>PROPOSTA 28310 TERMO DE CONVENIO &#8211; 2023TR000013 RELAT\u00d3RIO DE APOSTILAMENTO PRESTA\u00c7\u00c3O DE CONTAS &#8211; PARCIAL 01 PRESTA\u00c7\u00c3O DE CONTAS &#8211; PARCIAL 02 PRESTA\u00c7\u00c3O DE CONTAS &#8211; PARCIAL 03 PRESTA\u00c7\u00c3O DE CONTAS &#8211; PARCIAL 04 PRESTA\u00c7\u00c3O DE CONTAS &#8211; PARCIAL 05<\/p>\n","protected":false},"author":3,"featured_media":0,"parent":0,"menu_order":0,"comment_status":"closed","ping_status":"closed","template":"","meta":[],"_links":{"self":[{"href":"https:\/\/hmsf.com.br\/new\/wp-json\/wp\/v2\/pages\/3654"}],"collection":[{"href":"https:\/\/hmsf.com.br\/new\/wp-json\/wp\/v2\/pages"}],"about":[{"href":"https:\/\/hmsf.com.br\/new\/wp-json\/wp\/v2\/types\/page"}],"author":[{"embeddable":true,"href":"https:\/\/hmsf.com.br\/new\/wp-json\/wp\/v2\/users\/3"}],"replies":[{"embeddable":true,"href":"https:\/\/hmsf.com.br\/new\/wp-json\/wp\/v2\/comments?post=3654"}],"version-history":[{"count":52,"href":"https:\/\/hmsf.com.br\/new\/wp-json\/wp\/v2\/pages\/3654\/revisions"}],"predecessor-version":[{"id":3830,"href":"https:\/\/hmsf.com.br\/new\/wp-json\/wp\/v2\/pages\/3654\/revisions\/3830"}],"wp:attachment":[{"href":"https:\/\/hmsf.com.br\/new\/wp-json\/wp\/v2\/media?parent=3654"}],"curies":[{"name":"wp","href":"https:\/\/api.w.org\/{rel}","templated":true}]}}