{"id":2550,"date":"2022-08-01T13:40:06","date_gmt":"2022-08-01T16:40:06","guid":{"rendered":"https:\/\/hmsf.com.br\/new\/?page_id=2550"},"modified":"2023-02-02T15:32:32","modified_gmt":"2023-02-02T18:32:32","slug":"plantao-2022","status":"publish","type":"page","link":"https:\/\/hmsf.com.br\/new\/contratualizacao-sus\/contrato-no-049-2019\/plantao-presencial-e-plantao-sobreaviso\/plantao-2022\/","title":{"rendered":"Plant\u00e3o &#8211; 2022"},"content":{"rendered":"\t\t<div data-elementor-type=\"wp-page\" data-elementor-id=\"2550\" class=\"elementor elementor-2550\">\n\t\t\t\t\t\t\t\t\t<section class=\"elementor-section elementor-top-section elementor-element elementor-element-f02b49d elementor-section-boxed elementor-section-height-default elementor-section-height-default\" data-id=\"f02b49d\" data-element_type=\"section\">\n\t\t\t\t\t\t<div class=\"elementor-container elementor-column-gap-default\">\n\t\t\t\t\t<div class=\"elementor-column elementor-col-100 elementor-top-column elementor-element elementor-element-fceb979\" data-id=\"fceb979\" data-element_type=\"column\">\n\t\t\t<div class=\"elementor-widget-wrap elementor-element-populated\">\n\t\t\t\t\t\t\t\t<div class=\"elementor-element elementor-element-65f65ed elementor-widget elementor-widget-text-editor\" data-id=\"65f65ed\" data-element_type=\"widget\" data-widget_type=\"text-editor.default\">\n\t\t\t\t<div class=\"elementor-widget-container\">\n\t\t\t<style>\/*! elementor - v3.13.3 - 28-05-2023 *\/\n.elementor-widget-text-editor.elementor-drop-cap-view-stacked .elementor-drop-cap{background-color:#69727d;color:#fff}.elementor-widget-text-editor.elementor-drop-cap-view-framed .elementor-drop-cap{color:#69727d;border:3px solid;background-color:transparent}.elementor-widget-text-editor:not(.elementor-drop-cap-view-default) .elementor-drop-cap{margin-top:8px}.elementor-widget-text-editor:not(.elementor-drop-cap-view-default) .elementor-drop-cap-letter{width:1em;height:1em}.elementor-widget-text-editor .elementor-drop-cap{float:left;text-align:center;line-height:1;font-size:50px}.elementor-widget-text-editor .elementor-drop-cap-letter{display:inline-block}<\/style>\t\t\t\t<p><a href=\"https:\/\/hmsf.com.br\/new\/wp-content\/uploads\/2022\/08\/01-Plantao-Presencial-e-Plantao-Sobreaviso-Comp.-Jan-2022.pdf\" target=\"_blank\" rel=\"noopener\">Plant\u00e3o Presencial e Plant\u00e3o Sobreaviso &#8211; Comp. Jan-2022<\/a><\/p><p><a href=\"https:\/\/hmsf.com.br\/new\/wp-content\/uploads\/2022\/08\/02-Plantao-Presencial-e-Plantao-Sobreaviso-Comp.-Fev-2022.pdf\" target=\"_blank\" rel=\"noopener\">Plant\u00e3o Presencial e Plant\u00e3o Sobreaviso &#8211; Comp. Fev-2022<\/a><\/p><p><a href=\"https:\/\/hmsf.com.br\/new\/wp-content\/uploads\/2022\/08\/03-Plantao-Presencial-e-Plantao-Sobreaviso-Comp.-Mar-2022.pdf\" target=\"_blank\" rel=\"noopener\">Plant\u00e3o Presencial e Plant\u00e3o Sobreaviso &#8211; Comp. Mar-2022<\/a><\/p><p><a href=\"https:\/\/hmsf.com.br\/new\/wp-content\/uploads\/2023\/02\/04-Plantao-Presencial-e-Plantao-Sobreaviso-Comp.-Abr-2022.pdf\" target=\"_blank\" rel=\"noopener\">Plant\u00e3o Presencial e Plant\u00e3o Sobreaviso &#8211; Comp. Abr-2022<\/a><\/p><p><a href=\"https:\/\/hmsf.com.br\/new\/wp-content\/uploads\/2023\/02\/05-Plantao-Presencial-e-Plantao-Sobreaviso-Comp.-Mai-2022.pdf\" target=\"_blank\" rel=\"noopener\">Plant\u00e3o Presencial e Plant\u00e3o Sobreaviso &#8211; Comp. Mai-2022<\/a><\/p><p><a href=\"https:\/\/hmsf.com.br\/new\/wp-content\/uploads\/2023\/02\/06-Plantao-Presencial-e-Plantao-Sobreaviso-Comp.-Jun-2022.pdf\" target=\"_blank\" rel=\"noopener\">Plant\u00e3o Presencial e Plant\u00e3o Sobreaviso &#8211; Comp. Jun- 2022<\/a><\/p><p><a href=\"https:\/\/hmsf.com.br\/new\/wp-content\/uploads\/2023\/02\/07-Plantao-Presencial-e-Plantao-Sobreaviso-Comp.-Jul-2022.pdf\" target=\"_blank\" rel=\"noopener\">Plant\u00e3o Presencial e Plant\u00e3o Sobreaviso- Comp. Jul- 2022<\/a><\/p><p><a href=\"https:\/\/hmsf.com.br\/new\/wp-content\/uploads\/2023\/02\/08-Plantao-Presencial-e-Plantao-Sobreavico-Comp.-Ago-2022.pdf\" target=\"_blank\" rel=\"noopener\">Plant\u00e3o Presencial e Plant\u00e3o Sobreavico- Comp. Ago- 2022<\/a><\/p><p><a href=\"https:\/\/hmsf.com.br\/new\/wp-content\/uploads\/2023\/02\/09-Plantao-Presencial-e-Plantao-Sobreaviso-Comp.-Set-2022.pdf\" target=\"_blank\" rel=\"noopener\">Plant\u00e3o Presencial e Plant\u00e3o Sobreaviso- Comp. Set-2022<\/a><\/p><p><a href=\"https:\/\/hmsf.com.br\/new\/wp-content\/uploads\/2023\/02\/10-Plantao-Presencial-e-Plantao-Sobreaviso-Comp.-Out-2022.pdf\" target=\"_blank\" rel=\"noopener\">Plant\u00e3o Presencial e Plant\u00e3o Sobreaviso- Comp. Out- 2022<\/a><\/p>\t\t\t\t\t\t<\/div>\n\t\t\t\t<\/div>\n\t\t\t\t\t<\/div>\n\t\t<\/div>\n\t\t\t\t\t\t\t<\/div>\n\t\t<\/section>\n\t\t\t\t\t\t\t<\/div>\n\t\t","protected":false},"excerpt":{"rendered":"<p>Plant\u00e3o Presencial e Plant\u00e3o Sobreaviso &#8211; Comp. Jan-2022 Plant\u00e3o Presencial e Plant\u00e3o Sobreaviso &#8211; Comp. Fev-2022 Plant\u00e3o Presencial e Plant\u00e3o Sobreaviso &#8211; Comp. Mar-2022 Plant\u00e3o Presencial e Plant\u00e3o Sobreaviso &#8211; Comp. Abr-2022 Plant\u00e3o Presencial e Plant\u00e3o Sobreaviso &#8211; Comp. Mai-2022 Plant\u00e3o Presencial e Plant\u00e3o Sobreaviso &#8211; Comp. Jun- 2022 Plant\u00e3o Presencial e Plant\u00e3o Sobreaviso- Comp. &hellip;<\/p>\n<p class=\"read-more\"> <a class=\"\" href=\"https:\/\/hmsf.com.br\/new\/contratualizacao-sus\/contrato-no-049-2019\/plantao-presencial-e-plantao-sobreaviso\/plantao-2022\/\"> <span class=\"screen-reader-text\">Plant\u00e3o &#8211; 2022<\/span> Leia mais &raquo;<\/a><\/p>\n","protected":false},"author":3,"featured_media":0,"parent":708,"menu_order":0,"comment_status":"closed","ping_status":"closed","template":"","meta":[],"_links":{"self":[{"href":"https:\/\/hmsf.com.br\/new\/wp-json\/wp\/v2\/pages\/2550"}],"collection":[{"href":"https:\/\/hmsf.com.br\/new\/wp-json\/wp\/v2\/pages"}],"about":[{"href":"https:\/\/hmsf.com.br\/new\/wp-json\/wp\/v2\/types\/page"}],"author":[{"embeddable":true,"href":"https:\/\/hmsf.com.br\/new\/wp-json\/wp\/v2\/users\/3"}],"replies":[{"embeddable":true,"href":"https:\/\/hmsf.com.br\/new\/wp-json\/wp\/v2\/comments?post=2550"}],"version-history":[{"count":9,"href":"https:\/\/hmsf.com.br\/new\/wp-json\/wp\/v2\/pages\/2550\/revisions"}],"predecessor-version":[{"id":3286,"href":"https:\/\/hmsf.com.br\/new\/wp-json\/wp\/v2\/pages\/2550\/revisions\/3286"}],"up":[{"embeddable":true,"href":"https:\/\/hmsf.com.br\/new\/wp-json\/wp\/v2\/pages\/708"}],"wp:attachment":[{"href":"https:\/\/hmsf.com.br\/new\/wp-json\/wp\/v2\/media?parent=2550"}],"curies":[{"name":"wp","href":"https:\/\/api.w.org\/{rel}","templated":true}]}}