{"id":1900,"date":"2021-05-14T13:10:36","date_gmt":"2021-05-14T16:10:36","guid":{"rendered":"https:\/\/hmsf.com.br\/new\/?page_id=1900"},"modified":"2022-12-05T16:55:18","modified_gmt":"2022-12-05T19:55:18","slug":"convenio-2021tr000012","status":"publish","type":"page","link":"https:\/\/hmsf.com.br\/new\/sigef\/convenio-2021tr000012\/","title":{"rendered":"CONVENIO 2021TR000012"},"content":{"rendered":"<p><a href=\"https:\/\/hmsf.com.br\/new\/wp-content\/uploads\/2021\/05\/PRESTACAO-DE-CONTASPARCIAL01.pdf\" target=\"_blank\" rel=\"noopener\">PRESTA\u00c7\u00c3O DE CONTAS &#8211; PARCIAL 01<\/a><\/p>\n<p><a href=\"https:\/\/hmsf.com.br\/new\/wp-content\/uploads\/2021\/07\/CV_2021TR000012_BALANCETE_PACIAL02.pdf\" target=\"_blank\" rel=\"noopener\">PRESTA\u00c7\u00c3O DE CONTAS &#8211; PARCIAL 02<\/a><\/p>\n<p><a href=\"https:\/\/hmsf.com.br\/new\/wp-content\/uploads\/2021\/07\/CV_2021TR000012_BALANCETEPARCIAL03.pdf\" target=\"_blank\" rel=\"noopener\">PRESTA\u00c7\u00c3O DE CONTAS &#8211; PARCIAL 03<\/a><\/p>\n<p><a href=\"https:\/\/hmsf.com.br\/new\/wp-content\/uploads\/2022\/01\/PRESTACAO-DE-CONTAS-PARCIAL-04.pdf\" target=\"_blank\" rel=\"noopener\">PRESTA\u00c7\u00c3O DE CONTAS &#8211; PARCIAL 04<\/a><\/p>\n<p><a href=\"https:\/\/hmsf.com.br\/new\/wp-content\/uploads\/2022\/01\/PRESTACAO-DE-CONTAS-PARCIAL-05-1.pdf\" target=\"_blank\" rel=\"noopener\">PRESTA\u00c7\u00c3O DE CONTAS &#8211; PARCIAL 05<\/a><\/p>\n<p><a href=\"https:\/\/hmsf.com.br\/new\/wp-content\/uploads\/2022\/01\/PRESTACAO-DE-CONTAS-PARCIAL-06-1.pdf\" target=\"_blank\" rel=\"noopener\">PRESTA\u00c7\u00c3O DE CONTAS &#8211; PARCIAL 06<\/a><\/p>\n<p><a href=\"https:\/\/hmsf.com.br\/new\/wp-content\/uploads\/2022\/01\/PRESTACAO-DE-CONTAS-PARCIAL-07-1.pdf\" target=\"_blank\" rel=\"noopener\">PRESTA\u00c7\u00c3O DE CONTAS &#8211; PARCIAL 07<\/a><\/p>\n<p><a href=\"https:\/\/hmsf.com.br\/new\/wp-content\/uploads\/2022\/01\/PRESTACAO-DE-CONTAS-PARCIAL-08-1.pdf\" target=\"_blank\" rel=\"noopener\">PRESTA\u00c7\u00c3O DE CONTAS &#8211; PARCIAL 08<\/a><\/p>\n<p><a href=\"https:\/\/hmsf.com.br\/new\/wp-content\/uploads\/2022\/12\/BALANCETE-DE-PRESTACAO-DE-CONTAS-PARCIAL-09-1.pdf\" target=\"_blank\" rel=\"noopener\">PRESTA\u00c7\u00c3O DE CONTAS \u2013 PARCIAL 09<\/a><\/p>\n<p><a href=\"https:\/\/hmsf.com.br\/new\/wp-content\/uploads\/2022\/12\/BALANCETE-DE-PRESTACAO-DE-CONTAS-PARCIAL-10-1.pdf\" target=\"_blank\" rel=\"noopener\">PRESTA\u00c7\u00c3O DE CONTAS \u2013 PARCIAL 10<\/a><\/p>\n<p><a href=\"https:\/\/hmsf.com.br\/new\/wp-content\/uploads\/2022\/12\/BALANCETE-DE-PRESTACAO-DE-CONTAS-PARCIAL-11-1.pdf\" target=\"_blank\" rel=\"noopener\">PRESTA\u00c7\u00c3O DE CONTAS \u2013 PARCIAL 11<\/a><\/p>\n<p><a href=\"https:\/\/hmsf.com.br\/new\/wp-content\/uploads\/2021\/05\/PROPOSTA24361.pdf\" target=\"_blank\" rel=\"noopener\">PROPOSTA 24361<\/a><\/p>\n<p><a href=\"https:\/\/hmsf.com.br\/new\/wp-content\/uploads\/2021\/05\/TERMODECV2021TR000012.pdf\" target=\"_blank\" rel=\"noopener\">TERMO DE CV 2021TR000012<\/a><\/p>\n","protected":false},"excerpt":{"rendered":"<p>PRESTA\u00c7\u00c3O DE CONTAS &#8211; PARCIAL 01 PRESTA\u00c7\u00c3O DE CONTAS &#8211; PARCIAL 02 PRESTA\u00c7\u00c3O DE CONTAS &#8211; PARCIAL 03 PRESTA\u00c7\u00c3O DE CONTAS &#8211; PARCIAL 04 PRESTA\u00c7\u00c3O DE CONTAS &#8211; PARCIAL 05 PRESTA\u00c7\u00c3O DE CONTAS &#8211; PARCIAL 06 PRESTA\u00c7\u00c3O DE CONTAS &#8211; PARCIAL 07 PRESTA\u00c7\u00c3O DE CONTAS &#8211; PARCIAL 08 PRESTA\u00c7\u00c3O DE CONTAS \u2013 PARCIAL 09 PRESTA\u00c7\u00c3O &hellip;<\/p>\n<p class=\"read-more\"> <a class=\"\" href=\"https:\/\/hmsf.com.br\/new\/sigef\/convenio-2021tr000012\/\"> <span class=\"screen-reader-text\">CONVENIO 2021TR000012<\/span> Leia mais &raquo;<\/a><\/p>\n","protected":false},"author":3,"featured_media":0,"parent":19,"menu_order":0,"comment_status":"closed","ping_status":"closed","template":"","meta":[],"_links":{"self":[{"href":"https:\/\/hmsf.com.br\/new\/wp-json\/wp\/v2\/pages\/1900"}],"collection":[{"href":"https:\/\/hmsf.com.br\/new\/wp-json\/wp\/v2\/pages"}],"about":[{"href":"https:\/\/hmsf.com.br\/new\/wp-json\/wp\/v2\/types\/page"}],"author":[{"embeddable":true,"href":"https:\/\/hmsf.com.br\/new\/wp-json\/wp\/v2\/users\/3"}],"replies":[{"embeddable":true,"href":"https:\/\/hmsf.com.br\/new\/wp-json\/wp\/v2\/comments?post=1900"}],"version-history":[{"count":38,"href":"https:\/\/hmsf.com.br\/new\/wp-json\/wp\/v2\/pages\/1900\/revisions"}],"predecessor-version":[{"id":3176,"href":"https:\/\/hmsf.com.br\/new\/wp-json\/wp\/v2\/pages\/1900\/revisions\/3176"}],"up":[{"embeddable":true,"href":"https:\/\/hmsf.com.br\/new\/wp-json\/wp\/v2\/pages\/19"}],"wp:attachment":[{"href":"https:\/\/hmsf.com.br\/new\/wp-json\/wp\/v2\/media?parent=1900"}],"curies":[{"name":"wp","href":"https:\/\/api.w.org\/{rel}","templated":true}]}}