{"id":1846,"date":"2021-05-14T11:35:48","date_gmt":"2021-05-14T14:35:48","guid":{"rendered":"https:\/\/hmsf.com.br\/new\/?page_id=1846"},"modified":"2021-05-14T11:46:40","modified_gmt":"2021-05-14T14:46:40","slug":"convenio-2020tr000799","status":"publish","type":"page","link":"https:\/\/hmsf.com.br\/new\/sigef\/convenio-2020tr000799\/","title":{"rendered":"CONVENIO 2020TR000799"},"content":{"rendered":"\t\t<div data-elementor-type=\"wp-page\" data-elementor-id=\"1846\" class=\"elementor elementor-1846\">\n\t\t\t\t\t\t\t\t\t<section class=\"elementor-section elementor-top-section elementor-element elementor-element-0775ab3 elementor-section-boxed elementor-section-height-default elementor-section-height-default\" data-id=\"0775ab3\" data-element_type=\"section\">\n\t\t\t\t\t\t<div class=\"elementor-container elementor-column-gap-default\">\n\t\t\t\t\t<div class=\"elementor-column elementor-col-100 elementor-top-column elementor-element elementor-element-a36f43f\" data-id=\"a36f43f\" data-element_type=\"column\">\n\t\t\t<div class=\"elementor-widget-wrap elementor-element-populated\">\n\t\t\t\t\t\t\t\t<div class=\"elementor-element elementor-element-0b82215 elementor-widget elementor-widget-text-editor\" data-id=\"0b82215\" data-element_type=\"widget\" data-widget_type=\"text-editor.default\">\n\t\t\t\t<div class=\"elementor-widget-container\">\n\t\t\t<style>\/*! elementor - v3.13.3 - 28-05-2023 *\/\n.elementor-widget-text-editor.elementor-drop-cap-view-stacked .elementor-drop-cap{background-color:#69727d;color:#fff}.elementor-widget-text-editor.elementor-drop-cap-view-framed .elementor-drop-cap{color:#69727d;border:3px solid;background-color:transparent}.elementor-widget-text-editor:not(.elementor-drop-cap-view-default) .elementor-drop-cap{margin-top:8px}.elementor-widget-text-editor:not(.elementor-drop-cap-view-default) .elementor-drop-cap-letter{width:1em;height:1em}.elementor-widget-text-editor .elementor-drop-cap{float:left;text-align:center;line-height:1;font-size:50px}.elementor-widget-text-editor .elementor-drop-cap-letter{display:inline-block}<\/style>\t\t\t\t<p><a href=\"https:\/\/hmsf.com.br\/new\/wp-content\/uploads\/2021\/05\/PRESTACAO-DE-CONTAS-PARCIAL-01-1.pdf\" target=\"_blank\" rel=\"noopener\">PRESTA\u00c7\u00c3O DE CONTAS &#8211; PARCIAL 01<\/a><\/p><p><a href=\"https:\/\/hmsf.com.br\/new\/wp-content\/uploads\/2021\/05\/PRESTACAO-DE-CONTAS-PARCIAL-02-1.pdf\" target=\"_blank\" rel=\"noopener\">PRESTA\u00c7\u00c3O DE CONTAS &#8211; PARCIAL 02<\/a><\/p><p><a href=\"https:\/\/hmsf.com.br\/new\/wp-content\/uploads\/2021\/05\/PRESTACAO-DE-CONTAS-PARCIAL-03.pdf\" target=\"_blank\" rel=\"noopener\">PRESTA\u00c7\u00c3O DE CONTAS &#8211; PARCIAL 03<\/a><\/p><p><a href=\"https:\/\/hmsf.com.br\/new\/wp-content\/uploads\/2021\/05\/PRESTACAO-DE-CONTAS-PARCIAL-04.pdf\" target=\"_blank\" rel=\"noopener\">PRESTA\u00c7\u00c3O DE CONTAS &#8211; PARCIAL 04<\/a><\/p><p><a href=\"https:\/\/hmsf.com.br\/new\/wp-content\/uploads\/2021\/05\/PRESTACAO-DE-CONTAS-PARCIAL-05.pdf\" target=\"_blank\" rel=\"noopener\">PRESTA\u00c7\u00c3O DE CONTAS &#8211; PARCIAL 05<\/a><\/p><p><a href=\"https:\/\/hmsf.com.br\/new\/wp-content\/uploads\/2021\/05\/PRESTACAO-DE-CONTAS-PARCIAL-06.pdf\" target=\"_blank\" rel=\"noopener\">PRESTA\u00c7\u00c3O DE CONTAS &#8211; PARCIAL 06<\/a><\/p><p><a href=\"https:\/\/hmsf.com.br\/new\/wp-content\/uploads\/2021\/05\/PRESTACAO-DE-CONTAS-PARCIAL-07.pdf\" target=\"_blank\" rel=\"noopener\">PRESTA\u00c7\u00c3O DE CONTAS &#8211; PARCIAL 07<\/a><\/p><p><a href=\"https:\/\/hmsf.com.br\/new\/wp-content\/uploads\/2021\/05\/PRESTACAO-DE-CONTAS-PARCIAL-08.pdf\" target=\"_blank\" rel=\"noopener\">PRESTA\u00c7\u00c3O DE CONTAS &#8211; PARCIAL 08<\/a><\/p><p><a href=\"https:\/\/hmsf.com.br\/new\/wp-content\/uploads\/2021\/05\/PROPOSTA-23340.pdf\" target=\"_blank\" rel=\"noopener\">PROPOSTA 23340<\/a><\/p><p><a href=\"https:\/\/hmsf.com.br\/new\/wp-content\/uploads\/2021\/05\/TERMO-DE-CV-2020TR000799.pdf\" target=\"_blank\" rel=\"noopener\">TERMO DE CV 2020TR000799<\/a><\/p>\t\t\t\t\t\t<\/div>\n\t\t\t\t<\/div>\n\t\t\t\t\t<\/div>\n\t\t<\/div>\n\t\t\t\t\t\t\t<\/div>\n\t\t<\/section>\n\t\t\t\t\t\t\t<\/div>\n\t\t","protected":false},"excerpt":{"rendered":"<p>PRESTA\u00c7\u00c3O DE CONTAS &#8211; PARCIAL 01 PRESTA\u00c7\u00c3O DE CONTAS &#8211; PARCIAL 02 PRESTA\u00c7\u00c3O DE CONTAS &#8211; PARCIAL 03 PRESTA\u00c7\u00c3O DE CONTAS &#8211; PARCIAL 04 PRESTA\u00c7\u00c3O DE CONTAS &#8211; PARCIAL 05 PRESTA\u00c7\u00c3O DE CONTAS &#8211; PARCIAL 06 PRESTA\u00c7\u00c3O DE CONTAS &#8211; PARCIAL 07 PRESTA\u00c7\u00c3O DE CONTAS &#8211; PARCIAL 08 PROPOSTA 23340 TERMO DE CV 2020TR000799<\/p>\n","protected":false},"author":3,"featured_media":0,"parent":19,"menu_order":0,"comment_status":"closed","ping_status":"closed","template":"","meta":[],"_links":{"self":[{"href":"https:\/\/hmsf.com.br\/new\/wp-json\/wp\/v2\/pages\/1846"}],"collection":[{"href":"https:\/\/hmsf.com.br\/new\/wp-json\/wp\/v2\/pages"}],"about":[{"href":"https:\/\/hmsf.com.br\/new\/wp-json\/wp\/v2\/types\/page"}],"author":[{"embeddable":true,"href":"https:\/\/hmsf.com.br\/new\/wp-json\/wp\/v2\/users\/3"}],"replies":[{"embeddable":true,"href":"https:\/\/hmsf.com.br\/new\/wp-json\/wp\/v2\/comments?post=1846"}],"version-history":[{"count":8,"href":"https:\/\/hmsf.com.br\/new\/wp-json\/wp\/v2\/pages\/1846\/revisions"}],"predecessor-version":[{"id":1869,"href":"https:\/\/hmsf.com.br\/new\/wp-json\/wp\/v2\/pages\/1846\/revisions\/1869"}],"up":[{"embeddable":true,"href":"https:\/\/hmsf.com.br\/new\/wp-json\/wp\/v2\/pages\/19"}],"wp:attachment":[{"href":"https:\/\/hmsf.com.br\/new\/wp-json\/wp\/v2\/media?parent=1846"}],"curies":[{"name":"wp","href":"https:\/\/api.w.org\/{rel}","templated":true}]}}