{"id":1830,"date":"2021-05-14T11:12:30","date_gmt":"2021-05-14T14:12:30","guid":{"rendered":"https:\/\/hmsf.com.br\/new\/?page_id=1830"},"modified":"2021-05-14T11:34:22","modified_gmt":"2021-05-14T14:34:22","slug":"convenio-2019tr000839","status":"publish","type":"page","link":"https:\/\/hmsf.com.br\/new\/sigef\/convenio-2019tr000839\/","title":{"rendered":"CONVENIO 2019TR000839"},"content":{"rendered":"\t\t<div data-elementor-type=\"wp-page\" data-elementor-id=\"1830\" class=\"elementor elementor-1830\">\n\t\t\t\t\t\t\t\t\t<section class=\"elementor-section elementor-top-section elementor-element elementor-element-1d1f036 elementor-section-boxed elementor-section-height-default elementor-section-height-default\" data-id=\"1d1f036\" data-element_type=\"section\">\n\t\t\t\t\t\t<div class=\"elementor-container elementor-column-gap-default\">\n\t\t\t\t\t<div class=\"elementor-column elementor-col-100 elementor-top-column elementor-element elementor-element-a94317f\" data-id=\"a94317f\" data-element_type=\"column\">\n\t\t\t<div class=\"elementor-widget-wrap elementor-element-populated\">\n\t\t\t\t\t\t\t\t<div class=\"elementor-element elementor-element-ad668c3 elementor-widget elementor-widget-text-editor\" data-id=\"ad668c3\" data-element_type=\"widget\" data-widget_type=\"text-editor.default\">\n\t\t\t\t<div class=\"elementor-widget-container\">\n\t\t\t<style>\/*! elementor - v3.13.3 - 28-05-2023 *\/\n.elementor-widget-text-editor.elementor-drop-cap-view-stacked .elementor-drop-cap{background-color:#69727d;color:#fff}.elementor-widget-text-editor.elementor-drop-cap-view-framed .elementor-drop-cap{color:#69727d;border:3px solid;background-color:transparent}.elementor-widget-text-editor:not(.elementor-drop-cap-view-default) .elementor-drop-cap{margin-top:8px}.elementor-widget-text-editor:not(.elementor-drop-cap-view-default) .elementor-drop-cap-letter{width:1em;height:1em}.elementor-widget-text-editor .elementor-drop-cap{float:left;text-align:center;line-height:1;font-size:50px}.elementor-widget-text-editor .elementor-drop-cap-letter{display:inline-block}<\/style>\t\t\t\t<p><a href=\"https:\/\/hmsf.com.br\/new\/wp-content\/uploads\/2021\/05\/PRESTACAO-DE-CONTAS-PARCIAL-01.pdf\" target=\"_blank\" rel=\"noopener\">PRESTA\u00c7\u00c3O DE CONTAS &#8211; PARCIAL 01<\/a><\/p><p><a href=\"https:\/\/hmsf.com.br\/new\/wp-content\/uploads\/2021\/05\/PRESTACAO-DE-CONTAS-PARCIAL-02.pdf\" target=\"_blank\" rel=\"noopener\">PRESTA\u00c7\u00c3O DE CONTAS &#8211; PARCIAL 02<\/a><\/p><p><a href=\"https:\/\/hmsf.com.br\/new\/wp-content\/uploads\/2021\/05\/PROPOSTA-21647.pdf\" target=\"_blank\" rel=\"noopener\">PROPOSTA 21647<\/a><\/p><p><a href=\"https:\/\/hmsf.com.br\/new\/wp-content\/uploads\/2021\/05\/TERMO-DE-CV-2019TR000839.pdf\" target=\"_blank\" rel=\"noopener\">TERMO DE CV 2019TR000839<\/a><\/p>\t\t\t\t\t\t<\/div>\n\t\t\t\t<\/div>\n\t\t\t\t\t<\/div>\n\t\t<\/div>\n\t\t\t\t\t\t\t<\/div>\n\t\t<\/section>\n\t\t\t\t\t\t\t<\/div>\n\t\t","protected":false},"excerpt":{"rendered":"<p>PRESTA\u00c7\u00c3O DE CONTAS &#8211; PARCIAL 01 PRESTA\u00c7\u00c3O DE CONTAS &#8211; PARCIAL 02 PROPOSTA 21647 TERMO DE CV 2019TR000839<\/p>\n","protected":false},"author":3,"featured_media":0,"parent":19,"menu_order":0,"comment_status":"closed","ping_status":"closed","template":"","meta":[],"_links":{"self":[{"href":"https:\/\/hmsf.com.br\/new\/wp-json\/wp\/v2\/pages\/1830"}],"collection":[{"href":"https:\/\/hmsf.com.br\/new\/wp-json\/wp\/v2\/pages"}],"about":[{"href":"https:\/\/hmsf.com.br\/new\/wp-json\/wp\/v2\/types\/page"}],"author":[{"embeddable":true,"href":"https:\/\/hmsf.com.br\/new\/wp-json\/wp\/v2\/users\/3"}],"replies":[{"embeddable":true,"href":"https:\/\/hmsf.com.br\/new\/wp-json\/wp\/v2\/comments?post=1830"}],"version-history":[{"count":7,"href":"https:\/\/hmsf.com.br\/new\/wp-json\/wp\/v2\/pages\/1830\/revisions"}],"predecessor-version":[{"id":1845,"href":"https:\/\/hmsf.com.br\/new\/wp-json\/wp\/v2\/pages\/1830\/revisions\/1845"}],"up":[{"embeddable":true,"href":"https:\/\/hmsf.com.br\/new\/wp-json\/wp\/v2\/pages\/19"}],"wp:attachment":[{"href":"https:\/\/hmsf.com.br\/new\/wp-json\/wp\/v2\/media?parent=1830"}],"curies":[{"name":"wp","href":"https:\/\/api.w.org\/{rel}","templated":true}]}}