{"id":1706,"date":"2021-05-06T17:46:25","date_gmt":"2021-05-06T20:46:25","guid":{"rendered":"https:\/\/hmsf.com.br\/new\/?page_id=1706"},"modified":"2021-06-09T10:43:11","modified_gmt":"2021-06-09T13:43:11","slug":"concluidos","status":"publish","type":"page","link":"https:\/\/hmsf.com.br\/new\/contratualizacao-sus\/contrato-no-049-2019\/custeios-fundo-municipal-de-saude\/concluidos\/","title":{"rendered":"Conclu\u00eddos"},"content":{"rendered":"\t\t<div data-elementor-type=\"wp-page\" data-elementor-id=\"1706\" class=\"elementor elementor-1706\">\n\t\t\t\t\t\t\t\t\t<section class=\"elementor-section elementor-top-section elementor-element elementor-element-9d20afe elementor-section-boxed elementor-section-height-default elementor-section-height-default\" data-id=\"9d20afe\" data-element_type=\"section\">\n\t\t\t\t\t\t<div class=\"elementor-container elementor-column-gap-default\">\n\t\t\t\t\t<div class=\"elementor-column elementor-col-100 elementor-top-column elementor-element elementor-element-61bbcd3\" data-id=\"61bbcd3\" data-element_type=\"column\">\n\t\t\t<div class=\"elementor-widget-wrap elementor-element-populated\">\n\t\t\t\t\t\t\t\t<div class=\"elementor-element elementor-element-49ced96 elementor-widget elementor-widget-text-editor\" data-id=\"49ced96\" data-element_type=\"widget\" data-widget_type=\"text-editor.default\">\n\t\t\t\t<div class=\"elementor-widget-container\">\n\t\t\t<style>\/*! elementor - v3.13.3 - 28-05-2023 *\/\n.elementor-widget-text-editor.elementor-drop-cap-view-stacked .elementor-drop-cap{background-color:#69727d;color:#fff}.elementor-widget-text-editor.elementor-drop-cap-view-framed .elementor-drop-cap{color:#69727d;border:3px solid;background-color:transparent}.elementor-widget-text-editor:not(.elementor-drop-cap-view-default) .elementor-drop-cap{margin-top:8px}.elementor-widget-text-editor:not(.elementor-drop-cap-view-default) .elementor-drop-cap-letter{width:1em;height:1em}.elementor-widget-text-editor .elementor-drop-cap{float:left;text-align:center;line-height:1;font-size:50px}.elementor-widget-text-editor .elementor-drop-cap-letter{display:inline-block}<\/style>\t\t\t\t<p><a href=\"https:\/\/hmsf.com.br\/new\/wp-content\/uploads\/2021\/05\/Custeio-AIH-R170.96066.pdf\" target=\"_blank\" rel=\"noopener\">Custeio AIH &#8211; R$170.960,66<\/a><\/p><p><a href=\"https:\/\/hmsf.com.br\/new\/wp-content\/uploads\/2021\/05\/Custeio-Ampliacao-de-Leitos-UTI-Covid-19-R144.00000.pdf\" target=\"_blank\" rel=\"noopener\">Custeio Amplia\u00e7\u00e3o de Leitos UTI Covid-19 &#8211; R$144.000,00<\/a><\/p><p><a href=\"https:\/\/hmsf.com.br\/new\/wp-content\/uploads\/2021\/05\/Custeio-Centro-de-Triagem-Covid-19-R79.65750.pdf\" target=\"_blank\" rel=\"noopener\">Custeio Centro de Triagem Covid-19 &#8211; R$79.657,50<\/a><\/p><p><a href=\"https:\/\/hmsf.com.br\/new\/wp-content\/uploads\/2021\/05\/Custeio-Diferenca-de-Leitos-UTI-R174.91968-R34.75968.pdf\" target=\"_blank\" rel=\"noopener\">Custeio Diferen\u00e7a de Leitos UTI &#8211; R$174.919,68 + R$34.759,68<\/a><\/p><p><a href=\"https:\/\/hmsf.com.br\/new\/wp-content\/uploads\/2021\/05\/Custeio-EPI-Covid-19-R100.00000-.pdf\" target=\"_blank\" rel=\"noopener\">Custeio EPI Covid-19 &#8211; R$100.000,00<\/a><\/p><p><a href=\"https:\/\/hmsf.com.br\/new\/wp-content\/uploads\/2021\/05\/Custeio-EPI-Covid-19-R130.03123-.pdf\" target=\"_blank\" rel=\"noopener\">Custeio EPI Covid-19 &#8211; R$130.031,23<\/a><\/p><p><a href=\"https:\/\/hmsf.com.br\/new\/wp-content\/uploads\/2021\/05\/Custeio-Leitos-UTI-Covid-19-R264.62218.pdf\" target=\"_blank\" rel=\"noopener\">Custeio Leitos UTI Covid-19-R$264.622,18<\/a><\/p><p><a href=\"https:\/\/hmsf.com.br\/new\/wp-content\/uploads\/2021\/05\/Custeio-Manutencao-da-Hora-Medica-na-Clinica-Medica-Covid-19.pdf\" target=\"_blank\" rel=\"noopener\">Custeio Manuten\u00e7\u00e3o da Hora M\u00e9dica na Cl\u00ednica M\u00e9dica Covid-19 R$ 7.380,48<\/a><\/p><p><a href=\"https:\/\/hmsf.com.br\/new\/wp-content\/uploads\/2021\/05\/Custeio-Reajuste-Valor-Plantao-R22.91089.pdf\" target=\"_blank\" rel=\"noopener\">Custeio Reajuste Valor Plant\u00e3o &#8211; R$22.910,89<\/a><\/p><p><a href=\"https:\/\/hmsf.com.br\/new\/wp-content\/uploads\/2021\/06\/Custeio-EPI-Covid-19-R278.63835.pdf\" target=\"_blank\" rel=\"noopener\">Custeio EPI Covid-19 &#8211; R$278.638,35<\/a><\/p>\t\t\t\t\t\t<\/div>\n\t\t\t\t<\/div>\n\t\t\t\t\t<\/div>\n\t\t<\/div>\n\t\t\t\t\t\t\t<\/div>\n\t\t<\/section>\n\t\t\t\t\t\t\t<\/div>\n\t\t","protected":false},"excerpt":{"rendered":"<p>Custeio AIH &#8211; R$170.960,66 Custeio Amplia\u00e7\u00e3o de Leitos UTI Covid-19 &#8211; R$144.000,00 Custeio Centro de Triagem Covid-19 &#8211; R$79.657,50 Custeio Diferen\u00e7a de Leitos UTI &#8211; R$174.919,68 + R$34.759,68 Custeio EPI Covid-19 &#8211; R$100.000,00 Custeio EPI Covid-19 &#8211; R$130.031,23 Custeio Leitos UTI Covid-19-R$264.622,18 Custeio Manuten\u00e7\u00e3o da Hora M\u00e9dica na Cl\u00ednica M\u00e9dica Covid-19 R$ 7.380,48 Custeio Reajuste &hellip;<\/p>\n<p class=\"read-more\"> <a class=\"\" href=\"https:\/\/hmsf.com.br\/new\/contratualizacao-sus\/contrato-no-049-2019\/custeios-fundo-municipal-de-saude\/concluidos\/\"> <span class=\"screen-reader-text\">Conclu\u00eddos<\/span> Leia mais &raquo;<\/a><\/p>\n","protected":false},"author":3,"featured_media":0,"parent":1695,"menu_order":0,"comment_status":"closed","ping_status":"closed","template":"","meta":[],"_links":{"self":[{"href":"https:\/\/hmsf.com.br\/new\/wp-json\/wp\/v2\/pages\/1706"}],"collection":[{"href":"https:\/\/hmsf.com.br\/new\/wp-json\/wp\/v2\/pages"}],"about":[{"href":"https:\/\/hmsf.com.br\/new\/wp-json\/wp\/v2\/types\/page"}],"author":[{"embeddable":true,"href":"https:\/\/hmsf.com.br\/new\/wp-json\/wp\/v2\/users\/3"}],"replies":[{"embeddable":true,"href":"https:\/\/hmsf.com.br\/new\/wp-json\/wp\/v2\/comments?post=1706"}],"version-history":[{"count":13,"href":"https:\/\/hmsf.com.br\/new\/wp-json\/wp\/v2\/pages\/1706\/revisions"}],"predecessor-version":[{"id":1947,"href":"https:\/\/hmsf.com.br\/new\/wp-json\/wp\/v2\/pages\/1706\/revisions\/1947"}],"up":[{"embeddable":true,"href":"https:\/\/hmsf.com.br\/new\/wp-json\/wp\/v2\/pages\/1695"}],"wp:attachment":[{"href":"https:\/\/hmsf.com.br\/new\/wp-json\/wp\/v2\/media?parent=1706"}],"curies":[{"name":"wp","href":"https:\/\/api.w.org\/{rel}","templated":true}]}}