{"id":17,"date":"2021-03-24T21:21:45","date_gmt":"2021-03-25T00:21:45","guid":{"rendered":"https:\/\/hmsf.com.br\/new\/?page_id=17"},"modified":"2025-03-31T08:34:06","modified_gmt":"2025-03-31T11:34:06","slug":"transferegov-2","status":"publish","type":"page","link":"https:\/\/hmsf.com.br\/new\/transferegov-2\/","title":{"rendered":"Transferegov"},"content":{"rendered":"\t\t<div data-elementor-type=\"wp-page\" data-elementor-id=\"17\" class=\"elementor elementor-17\">\n\t\t\t\t\t\t\t<div class=\"elementor-element elementor-element-a00abf5 e-con-full e-flex e-con\" data-id=\"a00abf5\" data-element_type=\"container\" data-settings=\"{&quot;content_width&quot;:&quot;full&quot;}\">\n\t\t\t\t<div class=\"elementor-element elementor-element-7d811c5 elementor-widget elementor-widget-heading\" data-id=\"7d811c5\" data-element_type=\"widget\" data-widget_type=\"heading.default\">\n\t\t\t\t<div class=\"elementor-widget-container\">\n\t\t\t<style>\/*! elementor - v3.13.3 - 28-05-2023 *\/\n.elementor-heading-title{padding:0;margin:0;line-height:1}.elementor-widget-heading .elementor-heading-title[class*=elementor-size-]>a{color:inherit;font-size:inherit;line-height:inherit}.elementor-widget-heading .elementor-heading-title.elementor-size-small{font-size:15px}.elementor-widget-heading .elementor-heading-title.elementor-size-medium{font-size:19px}.elementor-widget-heading .elementor-heading-title.elementor-size-large{font-size:29px}.elementor-widget-heading .elementor-heading-title.elementor-size-xl{font-size:39px}.elementor-widget-heading .elementor-heading-title.elementor-size-xxl{font-size:59px}<\/style><h2 class=\"elementor-heading-title elementor-size-default\">EXTRATOS DE CELEBRA\u00c7\u00c3O DE INSTRUMENTOS<\/h2>\t\t<\/div>\n\t\t\t\t<\/div>\n\t\t\t\t<\/div>\n\t\t<div class=\"elementor-element elementor-element-f465aaf e-con-full e-flex e-con\" data-id=\"f465aaf\" data-element_type=\"container\" data-settings=\"{&quot;content_width&quot;:&quot;full&quot;}\">\n\t\t\t\t<div class=\"elementor-element elementor-element-eb0760b elementor-widget elementor-widget-text-editor\" data-id=\"eb0760b\" data-element_type=\"widget\" data-widget_type=\"text-editor.default\">\n\t\t\t\t<div class=\"elementor-widget-container\">\n\t\t\t<style>\/*! elementor - v3.13.3 - 28-05-2023 *\/\n.elementor-widget-text-editor.elementor-drop-cap-view-stacked .elementor-drop-cap{background-color:#69727d;color:#fff}.elementor-widget-text-editor.elementor-drop-cap-view-framed .elementor-drop-cap{color:#69727d;border:3px solid;background-color:transparent}.elementor-widget-text-editor:not(.elementor-drop-cap-view-default) .elementor-drop-cap{margin-top:8px}.elementor-widget-text-editor:not(.elementor-drop-cap-view-default) .elementor-drop-cap-letter{width:1em;height:1em}.elementor-widget-text-editor .elementor-drop-cap{float:left;text-align:center;line-height:1;font-size:50px}.elementor-widget-text-editor .elementor-drop-cap-letter{display:inline-block}<\/style>\t\t\t\t<p><strong>CONV\u00caNIO N\u00ba 961670\/2024<br \/><\/strong><a href=\"https:\/\/discricionarias.transferegov.sistema.gov.br\/voluntarias\/ConsultarProposta\/ResultadoDaConsultaDePropostaDetalharProposta.do?idProposta=1987257&amp;Usr=guest&amp;Pwd=guest\" target=\"_blank\" rel=\"noopener\"><strong>Para mais informa\u00e7\u00f5es, acesse o link do Transferegov.br (clique aqui)<\/strong><\/a><\/p>\t\t\t\t\t\t<\/div>\n\t\t\t\t<\/div>\n\t\t\t\t<\/div>\n\t\t<div class=\"elementor-element elementor-element-430988a e-con-full e-flex e-con\" data-id=\"430988a\" data-element_type=\"container\" data-settings=\"{&quot;content_width&quot;:&quot;full&quot;}\">\n\t\t\t\t<div class=\"elementor-element elementor-element-10193b5 elementor-widget elementor-widget-text-editor\" data-id=\"10193b5\" data-element_type=\"widget\" data-widget_type=\"text-editor.default\">\n\t\t\t\t<div class=\"elementor-widget-container\">\n\t\t\t\t\t\t\t<p><strong>CONV\u00caNIO N\u00ba 947162\/2023<br \/><\/strong><a href=\"https:\/\/discricionarias.transferegov.sistema.gov.br\/voluntarias\/ConsultarProposta\/ResultadoDaConsultaDePropostaDetalharProposta.do?idProposta=1913870&amp;Usr=guest&amp;Pwd=guest\" target=\"_blank\" rel=\"noopener\"><strong>Para mais informa\u00e7\u00f5es, acesse o link do Transferegov.br (clique aqui)<\/strong><\/a><\/p>\t\t\t\t\t\t<\/div>\n\t\t\t\t<\/div>\n\t\t\t\t<\/div>\n\t\t<div class=\"elementor-element elementor-element-49fce65 e-con-full e-flex e-con\" data-id=\"49fce65\" data-element_type=\"container\" data-settings=\"{&quot;content_width&quot;:&quot;full&quot;}\">\n\t\t\t\t<div class=\"elementor-element elementor-element-8a6a516 elementor-widget elementor-widget-text-editor\" data-id=\"8a6a516\" data-element_type=\"widget\" data-widget_type=\"text-editor.default\">\n\t\t\t\t<div class=\"elementor-widget-container\">\n\t\t\t\t\t\t\t<p><strong>CONV\u00caNIO N\u00ba 929620\/2022<br \/><\/strong><a href=\"https:\/\/discricionarias.transferegov.sistema.gov.br\/voluntarias\/ConsultarProposta\/ResultadoDaConsultaDePropostaDetalharProposta.do?idProposta=1770140&amp;Usr=guest&amp;Pwd=guest\" target=\"_blank\" rel=\"noopener\"><strong>Para mais informa\u00e7\u00f5es, acesse o link do Transferegov.br (clique aqui)<\/strong><\/a><\/p>\t\t\t\t\t\t<\/div>\n\t\t\t\t<\/div>\n\t\t\t\t<\/div>\n\t\t<div class=\"elementor-element elementor-element-94f63cc e-con-full e-flex e-con\" data-id=\"94f63cc\" data-element_type=\"container\" data-settings=\"{&quot;content_width&quot;:&quot;full&quot;}\">\n\t\t\t\t<div class=\"elementor-element elementor-element-23cae59 elementor-widget elementor-widget-text-editor\" data-id=\"23cae59\" data-element_type=\"widget\" data-widget_type=\"text-editor.default\">\n\t\t\t\t<div class=\"elementor-widget-container\">\n\t\t\t\t\t\t\t<p><strong>CONV\u00caNIO N\u00ba 929618\/2022<br \/><\/strong><a href=\"https:\/\/discricionarias.transferegov.sistema.gov.br\/voluntarias\/ConsultarProposta\/ResultadoDaConsultaDePropostaDetalharProposta.do?idProposta=1770137&amp;Usr=guest&amp;Pwd=guest\" target=\"_blank\" rel=\"noopener\"><strong>Para mais informa\u00e7\u00f5es, acesse o link do Transferegov.br (clique aqui)<\/strong><\/a><\/p>\t\t\t\t\t\t<\/div>\n\t\t\t\t<\/div>\n\t\t\t\t<\/div>\n\t\t\t\t\t\t\t<\/div>\n\t\t","protected":false},"excerpt":{"rendered":"<p>EXTRATOS DE CELEBRA\u00c7\u00c3O DE INSTRUMENTOS CONV\u00caNIO N\u00ba 961670\/2024Para mais informa\u00e7\u00f5es, acesse o link do Transferegov.br (clique aqui) CONV\u00caNIO N\u00ba 947162\/2023Para mais informa\u00e7\u00f5es, acesse o link do Transferegov.br (clique aqui) CONV\u00caNIO N\u00ba 929620\/2022Para mais informa\u00e7\u00f5es, acesse o link do Transferegov.br (clique aqui) CONV\u00caNIO N\u00ba 929618\/2022Para mais informa\u00e7\u00f5es, acesse o link do Transferegov.br (clique aqui)<\/p>\n","protected":false},"author":1,"featured_media":0,"parent":0,"menu_order":0,"comment_status":"closed","ping_status":"closed","template":"elementor_theme","meta":[],"_links":{"self":[{"href":"https:\/\/hmsf.com.br\/new\/wp-json\/wp\/v2\/pages\/17"}],"collection":[{"href":"https:\/\/hmsf.com.br\/new\/wp-json\/wp\/v2\/pages"}],"about":[{"href":"https:\/\/hmsf.com.br\/new\/wp-json\/wp\/v2\/types\/page"}],"author":[{"embeddable":true,"href":"https:\/\/hmsf.com.br\/new\/wp-json\/wp\/v2\/users\/1"}],"replies":[{"embeddable":true,"href":"https:\/\/hmsf.com.br\/new\/wp-json\/wp\/v2\/comments?post=17"}],"version-history":[{"count":159,"href":"https:\/\/hmsf.com.br\/new\/wp-json\/wp\/v2\/pages\/17\/revisions"}],"predecessor-version":[{"id":4903,"href":"https:\/\/hmsf.com.br\/new\/wp-json\/wp\/v2\/pages\/17\/revisions\/4903"}],"wp:attachment":[{"href":"https:\/\/hmsf.com.br\/new\/wp-json\/wp\/v2\/media?parent=17"}],"curies":[{"name":"wp","href":"https:\/\/api.w.org\/{rel}","templated":true}]}}