{"id":13,"date":"2021-03-24T21:20:48","date_gmt":"2021-03-25T00:20:48","guid":{"rendered":"https:\/\/hmsf.com.br\/new\/?page_id=13"},"modified":"2022-10-18T08:27:57","modified_gmt":"2022-10-18T11:27:57","slug":"doacoes","status":"publish","type":"page","link":"https:\/\/hmsf.com.br\/new\/doacoes\/","title":{"rendered":"Doa\u00e7\u00f5es"},"content":{"rendered":"\t\t<div data-elementor-type=\"wp-page\" data-elementor-id=\"13\" class=\"elementor elementor-13\">\n\t\t\t\t\t\t\t\t\t<section class=\"elementor-section elementor-top-section elementor-element elementor-element-59e22c9e elementor-section-boxed elementor-section-height-default elementor-section-height-default\" data-id=\"59e22c9e\" data-element_type=\"section\">\n\t\t\t\t\t\t<div class=\"elementor-container elementor-column-gap-default\">\n\t\t\t\t\t<div class=\"elementor-column elementor-col-100 elementor-top-column elementor-element elementor-element-2fe112b\" data-id=\"2fe112b\" data-element_type=\"column\">\n\t\t\t<div class=\"elementor-widget-wrap elementor-element-populated\">\n\t\t\t\t\t\t\t\t<div class=\"elementor-element elementor-element-64fe8562 elementor-widget elementor-widget-text-editor\" data-id=\"64fe8562\" data-element_type=\"widget\" data-widget_type=\"text-editor.default\">\n\t\t\t\t<div class=\"elementor-widget-container\">\n\t\t\t<style>\/*! elementor - v3.13.3 - 28-05-2023 *\/\n.elementor-widget-text-editor.elementor-drop-cap-view-stacked .elementor-drop-cap{background-color:#69727d;color:#fff}.elementor-widget-text-editor.elementor-drop-cap-view-framed .elementor-drop-cap{color:#69727d;border:3px solid;background-color:transparent}.elementor-widget-text-editor:not(.elementor-drop-cap-view-default) .elementor-drop-cap{margin-top:8px}.elementor-widget-text-editor:not(.elementor-drop-cap-view-default) .elementor-drop-cap-letter{width:1em;height:1em}.elementor-widget-text-editor .elementor-drop-cap{float:left;text-align:center;line-height:1;font-size:50px}.elementor-widget-text-editor .elementor-drop-cap-letter{display:inline-block}<\/style>\t\t\t\t<p><!-- wp:paragraph --><\/p>\n<p><a style=\"font-family: var( --e-global-typography-text-font-family ), Sans-serif; font-weight: var( --e-global-typography-text-font-weight ); background-color: #ffffff; font-size: 1rem;\" href=\"https:\/\/hmsf.com.br\/new\/doacoes\/projeto-de-reforma-e-adequacao-da-maternidade\/\" rel=\"noopener\">Projeto de reforma e adequa\u00e7\u00e3o da Maternidade<\/a>\u00a0<\/p>\n<p><a href=\"https:\/\/hmsf.com.br\/new\/doacoes\/doacoes-2020\/\">Doa\u00e7\u00f5es 2020<\/a><\/p>\n<p><!-- \/wp:paragraph --><\/p>\n<p><!-- wp:paragraph --><\/p>\n<p><a href=\"https:\/\/hmsf.com.br\/new\/doacoes\/doacoes-2021\/\">Doa\u00e7\u00f5es 2021<\/a><\/p>\n<p><a href=\"https:\/\/hmsf.com.br\/new\/doacoes-2022\/\">Doa\u00e7\u00f5es 2022<\/a><\/p>\n<p><!-- \/wp:paragraph --><\/p>\t\t\t\t\t\t<\/div>\n\t\t\t\t<\/div>\n\t\t\t\t\t<\/div>\n\t\t<\/div>\n\t\t\t\t\t\t\t<\/div>\n\t\t<\/section>\n\t\t\t\t\t\t\t<\/div>\n\t\t","protected":false},"excerpt":{"rendered":"<p>Projeto de reforma e adequa\u00e7\u00e3o da Maternidade\u00a0 Doa\u00e7\u00f5es 2020 Doa\u00e7\u00f5es 2021 Doa\u00e7\u00f5es 2022<\/p>\n","protected":false},"author":1,"featured_media":0,"parent":0,"menu_order":0,"comment_status":"closed","ping_status":"closed","template":"","meta":[],"_links":{"self":[{"href":"https:\/\/hmsf.com.br\/new\/wp-json\/wp\/v2\/pages\/13"}],"collection":[{"href":"https:\/\/hmsf.com.br\/new\/wp-json\/wp\/v2\/pages"}],"about":[{"href":"https:\/\/hmsf.com.br\/new\/wp-json\/wp\/v2\/types\/page"}],"author":[{"embeddable":true,"href":"https:\/\/hmsf.com.br\/new\/wp-json\/wp\/v2\/users\/1"}],"replies":[{"embeddable":true,"href":"https:\/\/hmsf.com.br\/new\/wp-json\/wp\/v2\/comments?post=13"}],"version-history":[{"count":19,"href":"https:\/\/hmsf.com.br\/new\/wp-json\/wp\/v2\/pages\/13\/revisions"}],"predecessor-version":[{"id":2899,"href":"https:\/\/hmsf.com.br\/new\/wp-json\/wp\/v2\/pages\/13\/revisions\/2899"}],"wp:attachment":[{"href":"https:\/\/hmsf.com.br\/new\/wp-json\/wp\/v2\/media?parent=13"}],"curies":[{"name":"wp","href":"https:\/\/api.w.org\/{rel}","templated":true}]}}