{"id":11,"date":"2021-03-24T21:20:04","date_gmt":"2021-03-25T00:20:04","guid":{"rendered":"https:\/\/hmsf.com.br\/new\/?page_id=11"},"modified":"2021-04-30T10:01:58","modified_gmt":"2021-04-30T13:01:58","slug":"servicos","status":"publish","type":"page","link":"https:\/\/hmsf.com.br\/new\/servicos\/","title":{"rendered":"Servi\u00e7os"},"content":{"rendered":"\t\t<div data-elementor-type=\"wp-page\" data-elementor-id=\"11\" class=\"elementor elementor-11\">\n\t\t\t\t\t\t\t\t\t<section class=\"elementor-section elementor-top-section elementor-element elementor-element-336a531 elementor-section-full_width elementor-section-height-default elementor-section-height-default\" data-id=\"336a531\" data-element_type=\"section\">\n\t\t\t\t\t\t<div class=\"elementor-container elementor-column-gap-no\">\n\t\t\t\t\t<div class=\"elementor-column elementor-col-100 elementor-top-column elementor-element elementor-element-ca426fe\" data-id=\"ca426fe\" data-element_type=\"column\">\n\t\t\t<div class=\"elementor-widget-wrap elementor-element-populated\">\n\t\t\t\t\t\t\t\t<section class=\"elementor-section elementor-inner-section elementor-element elementor-element-32432e3 elementor-section-boxed elementor-section-height-default elementor-section-height-default\" data-id=\"32432e3\" data-element_type=\"section\">\n\t\t\t\t\t\t<div class=\"elementor-container elementor-column-gap-default\">\n\t\t\t\t\t<div class=\"elementor-column elementor-col-100 elementor-inner-column elementor-element elementor-element-3f02848\" data-id=\"3f02848\" data-element_type=\"column\">\n\t\t\t<div class=\"elementor-widget-wrap elementor-element-populated\">\n\t\t\t\t\t\t\t\t<div class=\"elementor-element elementor-element-877be5e elementor-widget elementor-widget-heading\" data-id=\"877be5e\" data-element_type=\"widget\" data-widget_type=\"heading.default\">\n\t\t\t\t<div class=\"elementor-widget-container\">\n\t\t\t<style>\/*! elementor - v3.13.3 - 28-05-2023 *\/\n.elementor-heading-title{padding:0;margin:0;line-height:1}.elementor-widget-heading .elementor-heading-title[class*=elementor-size-]>a{color:inherit;font-size:inherit;line-height:inherit}.elementor-widget-heading .elementor-heading-title.elementor-size-small{font-size:15px}.elementor-widget-heading .elementor-heading-title.elementor-size-medium{font-size:19px}.elementor-widget-heading .elementor-heading-title.elementor-size-large{font-size:29px}.elementor-widget-heading .elementor-heading-title.elementor-size-xl{font-size:39px}.elementor-widget-heading .elementor-heading-title.elementor-size-xxl{font-size:59px}<\/style><h2 class=\"elementor-heading-title elementor-size-default\">Nossos servi\u00e7os<\/h2>\t\t<\/div>\n\t\t\t\t<\/div>\n\t\t\t\t<div class=\"elementor-element elementor-element-0e70116 elementor-widget elementor-widget-text-editor\" data-id=\"0e70116\" data-element_type=\"widget\" data-widget_type=\"text-editor.default\">\n\t\t\t\t<div class=\"elementor-widget-container\">\n\t\t\t<style>\/*! elementor - v3.13.3 - 28-05-2023 *\/\n.elementor-widget-text-editor.elementor-drop-cap-view-stacked .elementor-drop-cap{background-color:#69727d;color:#fff}.elementor-widget-text-editor.elementor-drop-cap-view-framed .elementor-drop-cap{color:#69727d;border:3px solid;background-color:transparent}.elementor-widget-text-editor:not(.elementor-drop-cap-view-default) .elementor-drop-cap{margin-top:8px}.elementor-widget-text-editor:not(.elementor-drop-cap-view-default) .elementor-drop-cap-letter{width:1em;height:1em}.elementor-widget-text-editor .elementor-drop-cap{float:left;text-align:center;line-height:1;font-size:50px}.elementor-widget-text-editor .elementor-drop-cap-letter{display:inline-block}<\/style>\t\t\t\t<p><b style=\"color: var( --e-global-color-text ); font-style: inherit;\">ESPECIALIDADES<br><\/b><span style=\"font-style: inherit; font-weight: inherit; color: var( --e-global-color-text );\">Anestesiologia, cardiologia, cirurgia geral, cirurgia oncol\u00f3gica, cl\u00ednica geral, dermatologia, neurologia, oncologia, ortopedia, pneumologia, radiologia, urologia, nefrologia, otorrinolaringologia, gastroenterologia, buco maxilo facial, ginecologia, neonatologia, obstetr\u00edcia cir\u00fargica, obstetr\u00edcia cl\u00ednica,<\/span><span style=\"font-style: inherit; font-weight: inherit; color: var( --e-global-color-text );\">&nbsp; <\/span><span style=\"font-style: inherit; font-weight: inherit; color: var( --e-global-color-text );\">cr\u00f4nicos e pediatria cl\u00ednica.<\/span><\/p>\n<p><\/p>\n<p><span style=\"font-style: inherit; color: var( --e-global-color-text );\"><b>COMISS\u00d5ES<\/b><br><\/span><span style=\"color: var( --e-global-color-text ); font-style: inherit; font-weight: inherit;\">NIR \u2013 N\u00facleo Interno de Regula\u00e7\u00e3o<br><\/span><span style=\"font-style: inherit; font-weight: inherit; color: var( --e-global-color-text );\">NAQH \u2013 N\u00facleo de Atendimento de Qualidade Hospitalar<br><\/span><span style=\"font-style: inherit; font-weight: inherit; color: var( --e-global-color-text );\">CCIH \u2013 Comiss\u00e3o de Controle de Infec\u00e7\u00e3o Hospitalar<br><\/span><span style=\"font-style: inherit; font-weight: inherit; color: var( --e-global-color-text );\">NEC \u2013 N\u00facleo de Educa\u00e7\u00e3o Continuada<br><\/span><span style=\"font-style: inherit; font-weight: inherit; color: var( --e-global-color-text );\">Comiss\u00e3o de Seguran\u00e7a do Paciente<br><\/span><span style=\"font-style: inherit; font-weight: inherit; color: var( --e-global-color-text );\">Comiss\u00e3o de \u00c9tica de Enfermagem<br><\/span><span style=\"font-style: inherit; font-weight: inherit; color: var( --e-global-color-text );\">Comiss\u00e3o de \u00c9tica M\u00e9dica<br><\/span><span style=\"font-style: inherit; font-weight: inherit; color: var( --e-global-color-text );\">Comiss\u00e3o de \u00d3bito Neonatal<br><\/span><span style=\"font-style: inherit; font-weight: inherit; color: var( --e-global-color-text );\">Comiss\u00e3o de Farm\u00e1cia Terap\u00eautica<br><\/span><span style=\"font-style: inherit; font-weight: inherit; color: var( --e-global-color-text );\">Comiss\u00e3o de Curativos<br><\/span><span style=\"font-style: inherit; font-weight: inherit; color: var( --e-global-color-text );\">CIHDOTT \u2013 Comiss\u00e3o Interna Hospitalar de Doa\u00e7\u00e3o de \u00d3rg\u00e3os e Tecidos<br><\/span><span style=\"font-style: inherit; font-weight: inherit; color: var( --e-global-color-text );\">CPO \u2013 Comiss\u00e3o de Prontu\u00e1rios e \u00d3bitos<br><\/span><span style=\"font-style: inherit; font-weight: inherit; color: var( --e-global-color-text );\">Comiss\u00e3o de Controle e Qualidade Hospitalar<\/span><\/p>\n<p><\/p>\t\t\t\t\t\t<\/div>\n\t\t\t\t<\/div>\n\t\t\t\t\t<\/div>\n\t\t<\/div>\n\t\t\t\t\t\t\t<\/div>\n\t\t<\/section>\n\t\t\t\t\t<\/div>\n\t\t<\/div>\n\t\t\t\t\t\t\t<\/div>\n\t\t<\/section>\n\t\t\t\t\t\t\t<\/div>\n\t\t","protected":false},"excerpt":{"rendered":"<p>Nossos servi\u00e7os ESPECIALIDADESAnestesiologia, cardiologia, cirurgia geral, cirurgia oncol\u00f3gica, cl\u00ednica geral, dermatologia, neurologia, oncologia, ortopedia, pneumologia, radiologia, urologia, nefrologia, otorrinolaringologia, gastroenterologia, buco maxilo facial, ginecologia, neonatologia, obstetr\u00edcia cir\u00fargica, obstetr\u00edcia cl\u00ednica,&nbsp; cr\u00f4nicos e pediatria cl\u00ednica. COMISS\u00d5ESNIR \u2013 N\u00facleo Interno de Regula\u00e7\u00e3oNAQH \u2013 N\u00facleo de Atendimento de Qualidade HospitalarCCIH \u2013 Comiss\u00e3o de Controle de Infec\u00e7\u00e3o HospitalarNEC \u2013 N\u00facleo &hellip;<\/p>\n<p class=\"read-more\"> <a class=\"\" href=\"https:\/\/hmsf.com.br\/new\/servicos\/\"> <span class=\"screen-reader-text\">Servi\u00e7os<\/span> Leia mais &raquo;<\/a><\/p>\n","protected":false},"author":1,"featured_media":0,"parent":0,"menu_order":0,"comment_status":"closed","ping_status":"closed","template":"","meta":[],"_links":{"self":[{"href":"https:\/\/hmsf.com.br\/new\/wp-json\/wp\/v2\/pages\/11"}],"collection":[{"href":"https:\/\/hmsf.com.br\/new\/wp-json\/wp\/v2\/pages"}],"about":[{"href":"https:\/\/hmsf.com.br\/new\/wp-json\/wp\/v2\/types\/page"}],"author":[{"embeddable":true,"href":"https:\/\/hmsf.com.br\/new\/wp-json\/wp\/v2\/users\/1"}],"replies":[{"embeddable":true,"href":"https:\/\/hmsf.com.br\/new\/wp-json\/wp\/v2\/comments?post=11"}],"version-history":[{"count":54,"href":"https:\/\/hmsf.com.br\/new\/wp-json\/wp\/v2\/pages\/11\/revisions"}],"predecessor-version":[{"id":1389,"href":"https:\/\/hmsf.com.br\/new\/wp-json\/wp\/v2\/pages\/11\/revisions\/1389"}],"wp:attachment":[{"href":"https:\/\/hmsf.com.br\/new\/wp-json\/wp\/v2\/media?parent=11"}],"curies":[{"name":"wp","href":"https:\/\/api.w.org\/{rel}","templated":true}]}}